{"id":4823,"date":"2024-04-10T06:57:33","date_gmt":"2024-04-10T06:57:33","guid":{"rendered":"https:\/\/oxymatic.lobostudio.pl\/unterstuetzung\/"},"modified":"2025-07-23T10:36:53","modified_gmt":"2025-07-23T10:36:53","slug":"unterstuetzung","status":"publish","type":"page","link":"https:\/\/oxymatic.lobostudio.pl\/de\/unterstuetzung\/","title":{"rendered":"Unterst\u00fctzung"},"content":{"rendered":"\t\t<div data-elementor-type=\"wp-page\" data-elementor-id=\"4823\" class=\"elementor elementor-4823 elementor-1590\" data-elementor-post-type=\"page\">\n\t\t\t\t\t\t\t<div class=\"elementor-element elementor-element-1409799 e-con-full e-flex e-con e-parent\" data-id=\"1409799\" data-element_type=\"container\" data-settings=\"{&quot;content_width&quot;:&quot;full&quot;,&quot;background_background&quot;:&quot;classic&quot;,&quot;container_type&quot;:&quot;flex&quot;}\" data-e-bg-lazyload=\"\" data-core-v316-plus=\"true\">\n\t\t\t\t<div class=\"elementor-element elementor-element-33a408a elementor-widget__width-initial elementor-widget-tablet__width-initial elementor-invisible elementor-widget elementor-widget-heading\" data-id=\"33a408a\" data-element_type=\"widget\" data-settings=\"{&quot;_animation&quot;:&quot;fadeInLeft&quot;}\" data-widget_type=\"heading.default\">\n\t\t\t\t<div class=\"elementor-widget-container\">\n\t\t\t<style>\/*! elementor - v3.17.0 - 08-11-2023 *\/\n.elementor-heading-title{padding:0;margin:0;line-height:1}.elementor-widget-heading .elementor-heading-title[class*=elementor-size-]>a{color:inherit;font-size:inherit;line-height:inherit}.elementor-widget-heading .elementor-heading-title.elementor-size-small{font-size:15px}.elementor-widget-heading .elementor-heading-title.elementor-size-medium{font-size:19px}.elementor-widget-heading .elementor-heading-title.elementor-size-large{font-size:29px}.elementor-widget-heading .elementor-heading-title.elementor-size-xl{font-size:39px}.elementor-widget-heading .elementor-heading-title.elementor-size-xxl{font-size:59px}<\/style><span class=\"elementor-heading-title elementor-size-default\">Unterst\u00fctzung f\u00fcr Ihr Unternehmen <\/span>\t\t<\/div>\n\t\t\t\t<\/div>\n\t\t<div class=\"elementor-element elementor-element-73541aa e-con-full e-flex e-con e-child\" data-id=\"73541aa\" data-element_type=\"container\" data-settings=\"{&quot;content_width&quot;:&quot;full&quot;,&quot;container_type&quot;:&quot;flex&quot;}\">\n\t\t<div class=\"elementor-element elementor-element-9a0f4db e-con-full e-flex e-con e-child\" data-id=\"9a0f4db\" data-element_type=\"container\" data-settings=\"{&quot;content_width&quot;:&quot;full&quot;,&quot;container_type&quot;:&quot;flex&quot;}\">\n\t\t\t\t<div class=\"elementor-element elementor-element-d1a9a87 elementor-widget-tablet__width-initial elementor-invisible elementor-widget elementor-widget-text-editor\" data-id=\"d1a9a87\" data-element_type=\"widget\" data-settings=\"{&quot;_animation&quot;:&quot;fadeInLeft&quot;}\" data-widget_type=\"text-editor.default\">\n\t\t\t\t<div class=\"elementor-widget-container\">\n\t\t\t<style>\/*! elementor - v3.17.0 - 08-11-2023 *\/\n.elementor-widget-text-editor.elementor-drop-cap-view-stacked .elementor-drop-cap{background-color:#69727d;color:#fff}.elementor-widget-text-editor.elementor-drop-cap-view-framed .elementor-drop-cap{color:#69727d;border:3px solid;background-color:transparent}.elementor-widget-text-editor:not(.elementor-drop-cap-view-default) .elementor-drop-cap{margin-top:8px}.elementor-widget-text-editor:not(.elementor-drop-cap-view-default) .elementor-drop-cap-letter{width:1em;height:1em}.elementor-widget-text-editor .elementor-drop-cap{float:left;text-align:center;line-height:1;font-size:50px}.elementor-widget-text-editor .elementor-drop-cap-letter{display:inline-block}<\/style>\t\t\t\t<h3>Wir bieten ganzheitliche Dienstleistungen an, die unsere Kunden unterst\u00fctzen.<\/h3>\t\t\t\t\t\t<\/div>\n\t\t\t\t<\/div>\n\t\t\t\t<\/div>\n\t\t<div class=\"elementor-element elementor-element-a13889d e-con-full e-flex e-con e-child\" data-id=\"a13889d\" data-element_type=\"container\" data-settings=\"{&quot;content_width&quot;:&quot;full&quot;,&quot;background_background&quot;:&quot;classic&quot;,&quot;container_type&quot;:&quot;flex&quot;}\">\n\t\t<div class=\"elementor-element elementor-element-84ccfbe e-con-full e-flex elementor-invisible e-con e-child\" data-id=\"84ccfbe\" data-element_type=\"container\" data-settings=\"{&quot;content_width&quot;:&quot;full&quot;,&quot;background_background&quot;:&quot;classic&quot;,&quot;animation&quot;:&quot;fadeInRight&quot;,&quot;container_type&quot;:&quot;flex&quot;}\">\n\t\t\t\t<div class=\"elementor-element elementor-element-d5f86de elementor-widget-mobile__width-initial elementor-position-top elementor-widget elementor-widget-image-box\" data-id=\"d5f86de\" data-element_type=\"widget\" data-widget_type=\"image-box.default\">\n\t\t\t\t<div class=\"elementor-widget-container\">\n\t\t\t<style>\/*! elementor - v3.17.0 - 08-11-2023 *\/\n.elementor-widget-image-box .elementor-image-box-content{width:100%}@media (min-width:768px){.elementor-widget-image-box.elementor-position-left .elementor-image-box-wrapper,.elementor-widget-image-box.elementor-position-right .elementor-image-box-wrapper{display:flex}.elementor-widget-image-box.elementor-position-right .elementor-image-box-wrapper{text-align:right;flex-direction:row-reverse}.elementor-widget-image-box.elementor-position-left .elementor-image-box-wrapper{text-align:left;flex-direction:row}.elementor-widget-image-box.elementor-position-top .elementor-image-box-img{margin:auto}.elementor-widget-image-box.elementor-vertical-align-top .elementor-image-box-wrapper{align-items:flex-start}.elementor-widget-image-box.elementor-vertical-align-middle .elementor-image-box-wrapper{align-items:center}.elementor-widget-image-box.elementor-vertical-align-bottom .elementor-image-box-wrapper{align-items:flex-end}}@media (max-width:767px){.elementor-widget-image-box .elementor-image-box-img{margin-left:auto!important;margin-right:auto!important;margin-bottom:15px}}.elementor-widget-image-box .elementor-image-box-img{display:inline-block}.elementor-widget-image-box .elementor-image-box-title a{color:inherit}.elementor-widget-image-box .elementor-image-box-wrapper{text-align:center}.elementor-widget-image-box .elementor-image-box-description{margin:0}<\/style><div class=\"elementor-image-box-wrapper\"><figure class=\"elementor-image-box-img\"><img fetchpriority=\"high\" decoding=\"async\" width=\"426\" height=\"421\" src=\"https:\/\/oxymatic.lobostudio.pl\/wp-content\/uploads\/2024\/02\/szkolenie-white.svg\" class=\"elementor-animation-sink attachment-full size-full wp-image-1277\" alt=\"\" \/><\/figure><div class=\"elementor-image-box-content\"><h3 class=\"elementor-image-box-title\">Schulungen<\/h3><p class=\"elementor-image-box-description\">Die Schulung im Bereich der Bedienung der Kammer erfolgt durch unser Fachpersonal bei Ihnen vor Ort. <br>Auch beim Marketing k\u00f6nnen Sie auf unsere Unterst\u00fctzung z\u00e4hlen<br>Mehr erfahren <\/p><\/div><\/div>\t\t<\/div>\n\t\t\t\t<\/div>\n\t\t\t\t<div class=\"elementor-element elementor-element-b9b8f5d elementor-align-center elementor-invisible elementor-widget elementor-widget-button\" data-id=\"b9b8f5d\" data-element_type=\"widget\" data-settings=\"{&quot;_animation&quot;:&quot;fadeInDown&quot;}\" data-widget_type=\"button.default\">\n\t\t\t\t<div class=\"elementor-widget-container\">\n\t\t\t\t\t<div class=\"elementor-button-wrapper\">\n\t\t\t<a class=\"elementor-button elementor-button-link elementor-size-sm elementor-animation-sink\" href=\"https:\/\/oxymatic.lobostudio.pl\/de\/schulungen\/\">\n\t\t\t\t\t\t<span class=\"elementor-button-content-wrapper\">\n\t\t\t\t\t\t<span class=\"elementor-button-text\">Mehr erfahren<\/span>\n\t\t<\/span>\n\t\t\t\t\t<\/a>\n\t\t<\/div>\n\t\t\t\t<\/div>\n\t\t\t\t<\/div>\n\t\t\t\t<\/div>\n\t\t<div class=\"elementor-element elementor-element-f1fb393 e-con-full e-flex elementor-invisible e-con e-child\" data-id=\"f1fb393\" data-element_type=\"container\" data-settings=\"{&quot;content_width&quot;:&quot;full&quot;,&quot;background_background&quot;:&quot;classic&quot;,&quot;animation&quot;:&quot;fadeInRight&quot;,&quot;container_type&quot;:&quot;flex&quot;}\">\n\t\t\t\t<div class=\"elementor-element elementor-element-65cdee5 elementor-widget-mobile__width-initial elementor-position-top elementor-widget elementor-widget-image-box\" data-id=\"65cdee5\" data-element_type=\"widget\" data-widget_type=\"image-box.default\">\n\t\t\t\t<div class=\"elementor-widget-container\">\n\t\t\t<div class=\"elementor-image-box-wrapper\"><figure class=\"elementor-image-box-img\"><img decoding=\"async\" width=\"445\" height=\"490\" src=\"https:\/\/oxymatic.lobostudio.pl\/wp-content\/uploads\/2024\/02\/serwis-white.svg\" class=\"elementor-animation-sink attachment-full size-full wp-image-1279\" alt=\"\" \/><\/figure><div class=\"elementor-image-box-content\"><h3 class=\"elementor-image-box-title\">Service<\/h3><p class=\"elementor-image-box-description\">Unsere Servicetechniker installieren die Kammer bei Ihnen vor Ort und f\u00fchren Tests durch. Sie kommen bei Bedarf zu Ihnen und f\u00fchren auch technische \u00dcberpr\u00fcfung durch. <\/p><\/div><\/div>\t\t<\/div>\n\t\t\t\t<\/div>\n\t\t\t\t<div class=\"elementor-element elementor-element-5e2ae99 elementor-align-center elementor-invisible elementor-widget elementor-widget-button\" data-id=\"5e2ae99\" data-element_type=\"widget\" data-settings=\"{&quot;_animation&quot;:&quot;fadeInDown&quot;}\" data-widget_type=\"button.default\">\n\t\t\t\t<div class=\"elementor-widget-container\">\n\t\t\t\t\t<div class=\"elementor-button-wrapper\">\n\t\t\t<a class=\"elementor-button elementor-button-link elementor-size-sm elementor-animation-sink\" href=\"https:\/\/oxymatic.lobostudio.pl\/de\/service\/\">\n\t\t\t\t\t\t<span class=\"elementor-button-content-wrapper\">\n\t\t\t\t\t\t<span class=\"elementor-button-text\">Mehr erfahren<\/span>\n\t\t<\/span>\n\t\t\t\t\t<\/a>\n\t\t<\/div>\n\t\t\t\t<\/div>\n\t\t\t\t<\/div>\n\t\t\t\t<\/div>\n\t\t<div class=\"elementor-element elementor-element-fe17ff8 e-con-full e-flex elementor-invisible e-con e-child\" data-id=\"fe17ff8\" data-element_type=\"container\" data-settings=\"{&quot;content_width&quot;:&quot;full&quot;,&quot;background_background&quot;:&quot;classic&quot;,&quot;animation&quot;:&quot;fadeInRight&quot;,&quot;container_type&quot;:&quot;flex&quot;}\">\n\t\t\t\t<div class=\"elementor-element elementor-element-3352a72 elementor-widget-mobile__width-initial elementor-position-top elementor-widget elementor-widget-image-box\" data-id=\"3352a72\" data-element_type=\"widget\" data-widget_type=\"image-box.default\">\n\t\t\t\t<div class=\"elementor-widget-container\">\n\t\t\t<div class=\"elementor-image-box-wrapper\"><figure class=\"elementor-image-box-img\"><img decoding=\"async\" width=\"436\" height=\"439\" src=\"https:\/\/oxymatic.lobostudio.pl\/wp-content\/uploads\/2024\/02\/finansowanie-white.svg\" class=\"elementor-animation-sink attachment-full size-full wp-image-1278\" alt=\"\" \/><\/figure><div class=\"elementor-image-box-content\"><h3 class=\"elementor-image-box-title\">Finanzierung<\/h3><p class=\"elementor-image-box-description\">Unsere Berater helfen Ihnen gerne dabei, die f\u00fcr Sie vorteilhafteste Finanzierungsoption beim Kauf Ihrer Kammer auszuw\u00e4hlen.<\/p><\/div><\/div>\t\t<\/div>\n\t\t\t\t<\/div>\n\t\t\t\t<div class=\"elementor-element elementor-element-8c576e8 elementor-align-center elementor-invisible elementor-widget elementor-widget-button\" data-id=\"8c576e8\" data-element_type=\"widget\" data-settings=\"{&quot;_animation&quot;:&quot;fadeInDown&quot;}\" data-widget_type=\"button.default\">\n\t\t\t\t<div class=\"elementor-widget-container\">\n\t\t\t\t\t<div class=\"elementor-button-wrapper\">\n\t\t\t<a class=\"elementor-button elementor-button-link elementor-size-sm elementor-animation-sink\" href=\"https:\/\/oxymatic.lobostudio.pl\/de\/finanzierung\/\">\n\t\t\t\t\t\t<span class=\"elementor-button-content-wrapper\">\n\t\t\t\t\t\t<span class=\"elementor-button-text\">Mehr erfahren<\/span>\n\t\t<\/span>\n\t\t\t\t\t<\/a>\n\t\t<\/div>\n\t\t\t\t<\/div>\n\t\t\t\t<\/div>\n\t\t\t\t<\/div>\n\t\t\t\t<\/div>\n\t\t\t\t<\/div>\n\t\t\t\t<\/div>\n\t\t<div class=\"elementor-element elementor-element-847b4d4 e-flex e-con-boxed e-con e-parent\" data-id=\"847b4d4\" data-element_type=\"container\" data-settings=\"{&quot;container_type&quot;:&quot;flex&quot;,&quot;content_width&quot;:&quot;boxed&quot;}\" data-core-v316-plus=\"true\">\n\t\t\t\t\t<div class=\"e-con-inner\">\n\t\t<div class=\"elementor-element elementor-element-60f6b96 e-flex e-con-boxed e-con e-child\" data-id=\"60f6b96\" data-element_type=\"container\" data-settings=\"{&quot;background_background&quot;:&quot;classic&quot;,&quot;container_type&quot;:&quot;flex&quot;,&quot;content_width&quot;:&quot;boxed&quot;}\">\n\t\t\t\t\t<div class=\"e-con-inner\">\n\t\t\t\t<div class=\"elementor-element elementor-element-5b24dac elementor-widget elementor-widget-text-editor\" data-id=\"5b24dac\" data-element_type=\"widget\" data-widget_type=\"text-editor.default\">\n\t\t\t\t<div class=\"elementor-widget-container\">\n\t\t\t\t\t\t\t<h2>Wir wissen, dass in der heutigen dynamischen Gesch\u00e4ftswelt jedes Unternehmen eine umfassende Betreuung in jeder Phase erfordert. Unsere Firma versteht sehr gut, dass der Erfolg nicht nur vom Produkt oder der Dienstleistung selbst abh\u00e4ngt, sondern auch vom Support, den Sie von Ihren Gesch\u00e4ftspartnern erhalten. <\/h2>\t\t\t\t\t\t<\/div>\n\t\t\t\t<\/div>\n\t\t\t\t<div class=\"elementor-element elementor-element-ae4040d elementor-widget elementor-widget-text-editor\" data-id=\"ae4040d\" data-element_type=\"widget\" data-widget_type=\"text-editor.default\">\n\t\t\t\t<div class=\"elementor-widget-container\">\n\t\t\t\t\t\t\t<p style=\"line-height: 108%; text-indent: 1.25cm; margin-bottom: 0.28cm;\" align=\"justify\"><span style=\"color: var( --e-global-color-text ); font-family: var( --e-global-typography-text-font-family ), Sans-serif; font-size: 12pt; font-style: var( --e-global-typography-text-font-style ); font-weight: var( --e-global-typography-text-font-weight ); letter-spacing: var( --e-global-typography-text-letter-spacing ); text-transform: var( --e-global-typography-text-text-transform ); word-spacing: var( --e-global-typography-text-word-spacing ); text-align: var(--text-align); background-color: var( --e-global-color-9042db2 );\">Bei Oxymatic\u00ae<\/span> <span style=\"color: var( --e-global-color-text ); font-family: var( --e-global-typogW Oxymatic\u00ae pragniemy zapewni\u0107 pe\u0142ne wsparcie dla Twojego biznesu od momentu podj\u0119cia wsp\u00f3\u0142pracy a\u017c do osi\u0105gni\u0119cia sukcesu na rynku. Nasza oferta;\">m\u00f6chten wir Ihr Unternehmen von Anfang an bis hin zum Markterfolg vollst\u00e4ndig unterst\u00fctzen. Unser Angebot umfasst eine breite Palette an Dienstleistungen, die darauf ausgerichtet sind, Ihnen den Einstieg und Betrieb im Bereich der milden hyperbaren Sauerstofftherapie zu erleichtern. <\/span><\/p>\n<p style=\"line-height: 108%; margin-bottom: 0.28cm;\" align=\"justify\"><span style=\"font-size: 12pt;\">Zu Beginn helfen Ihnen unsere Berater bei der Auswahl der f\u00fcr Ihre Bed\u00fcrfnisse optimalen Oxymatic\u00ae-Kammer sowie bei der Wahl der besten Finanzierungsoption. Unsere Servicetechniker k\u00fcmmern sich um die fachgerechte Montage und den Anschluss der Kammer bei Ihnen vor Ort, w\u00e4hrend unser Schulungsteam Ihnen genau erkl\u00e4rt, wie Sie Ihre Oxymatic\u00ae-Kammer richtig bedienen.<br>Dar\u00fcber hinaus erhalten Sie von uns Werbematerialien und praxisnahe Tipps, wie Sie effektiv Aufmerksamkeit von Kunden gewinnen und Ihre Dienstleistungen rund um die hyperbaren Kammern von Oxymatic\u00ae erfolgreich vermarkten. Unser Team steht Ihnen jederzeit zur Verf\u00fcgung, um Ihre Fragen zu beantworten und fortlaufenden technischen Support sowie professionelle Beratung zu gew\u00e4hrleisten.   <\/span><\/p>\n<p style=\"line-height: 108%; margin-bottom: 0.28cm;\" align=\"justify\"><span style=\"font-size: 12pt;\">Dank unseres ganzheitlichen Kooperationsansatzes k\u00f6nnen Sie sicher sein, dass Ihr Unternehmen in jeder Entwicklungsphase die notwendige Unterst\u00fctzung erh\u00e4lt. Gemeinsam mit Oxymatic\u00ae k\u00f6nnen wir auf dem Markt der hyperbaren Sauerstofftherapie erfolgreich sein und Ihren Kunden h\u00f6chste Qualit\u00e4t sowie innovative L\u00f6sungen bieten. <\/span><\/p>\t\t\t\t\t\t<\/div>\n\t\t\t\t<\/div>\n\t\t\t\t\t<\/div>\n\t\t\t\t<\/div>\n\t\t\t\t\t<\/div>\n\t\t\t\t<\/div>\n\t\t\t\t\t\t\t<\/div>\n\t\t","protected":false},"excerpt":{"rendered":"<p>Unterst\u00fctzung f\u00fcr Ihr Unternehmen Wir bieten ganzheitliche Dienstleistungen an, die unsere Kunden unterst\u00fctzen. Schulungen Die Schulung im Bereich der Bedienung der Kammer erfolgt durch unser Fachpersonal bei Ihnen vor Ort. Auch beim Marketing k\u00f6nnen Sie auf unsere Unterst\u00fctzung z\u00e4hlenMehr erfahren Mehr erfahren Service Unsere Servicetechniker installieren die Kammer bei Ihnen vor Ort und f\u00fchren Tests [&hellip;]<\/p>\n","protected":false},"author":1,"featured_media":0,"parent":0,"menu_order":0,"comment_status":"closed","ping_status":"closed","template":"elementor_header_footer","meta":{"_acf_changed":false,"inline_featured_image":false,"footnotes":""},"class_list":["post-4823","page","type-page","status-publish","hentry"],"acf":[],"yoast_head":"<!-- This site is optimized with the Yoast SEO plugin v22.4 - https:\/\/yoast.com\/wordpress\/plugins\/seo\/ -->\n<title>Unterst\u00fctzung - Oxymatic<\/title>\n<meta name=\"robots\" content=\"index, follow, max-snippet:-1, max-image-preview:large, max-video-preview:-1\" \/>\n<link rel=\"canonical\" href=\"https:\/\/oxymatic.lobostudio.pl\/en\/wsparcie\/\" \/>\n<meta property=\"og:locale\" content=\"de_DE\" \/>\n<meta property=\"og:type\" content=\"article\" \/>\n<meta property=\"og:title\" content=\"Unterst\u00fctzung - Oxymatic\" \/>\n<meta property=\"og:description\" content=\"Unterst\u00fctzung f\u00fcr Ihr Unternehmen Wir bieten ganzheitliche Dienstleistungen an, die unsere Kunden unterst\u00fctzen. Schulungen Die Schulung im Bereich der Bedienung der Kammer erfolgt durch unser Fachpersonal bei Ihnen vor Ort. Auch beim Marketing k\u00f6nnen Sie auf unsere Unterst\u00fctzung z\u00e4hlenMehr erfahren Mehr erfahren Service Unsere Servicetechniker installieren die Kammer bei Ihnen vor Ort und f\u00fchren Tests [&hellip;]\" \/>\n<meta property=\"og:url\" content=\"https:\/\/oxymatic.lobostudio.pl\/en\/wsparcie\/\" \/>\n<meta property=\"og:site_name\" content=\"Oxymatic\" \/>\n<meta property=\"article:publisher\" content=\"https:\/\/www.facebook.com\/p\/Oxymatic-61558663586440\/\" \/>\n<meta property=\"article:modified_time\" content=\"2025-07-23T10:36:53+00:00\" \/>\n<meta property=\"og:image\" content=\"https:\/\/oxymatic.lobostudio.pl\/wp-content\/uploads\/2024\/02\/szkolenie-white.svg\" \/>\n<meta name=\"twitter:card\" content=\"summary_large_image\" \/>\n<meta name=\"twitter:label1\" content=\"Gesch\u00e4tzte Lesezeit\" \/>\n\t<meta name=\"twitter:data1\" content=\"2\u00a0Minuten\" \/>\n<script type=\"application\/ld+json\" class=\"yoast-schema-graph\">{\"@context\":\"https:\/\/schema.org\",\"@graph\":[{\"@type\":\"WebPage\",\"@id\":\"https:\/\/oxymatic.lobostudio.pl\/en\/wsparcie\/\",\"url\":\"https:\/\/oxymatic.lobostudio.pl\/en\/wsparcie\/\",\"name\":\"Unterst\u00fctzung - Oxymatic\",\"isPartOf\":{\"@id\":\"https:\/\/www.oxymatic.lobostudio.pl\/en\/#website\"},\"primaryImageOfPage\":{\"@id\":\"https:\/\/oxymatic.lobostudio.pl\/en\/wsparcie\/#primaryimage\"},\"image\":{\"@id\":\"https:\/\/oxymatic.lobostudio.pl\/en\/wsparcie\/#primaryimage\"},\"thumbnailUrl\":\"https:\/\/oxymatic.lobostudio.pl\/wp-content\/uploads\/2024\/02\/szkolenie-white.svg\",\"datePublished\":\"2024-04-10T06:57:33+00:00\",\"dateModified\":\"2025-07-23T10:36:53+00:00\",\"breadcrumb\":{\"@id\":\"https:\/\/oxymatic.lobostudio.pl\/en\/wsparcie\/#breadcrumb\"},\"inLanguage\":\"de\",\"potentialAction\":[{\"@type\":\"ReadAction\",\"target\":[\"https:\/\/oxymatic.lobostudio.pl\/en\/wsparcie\/\"]}]},{\"@type\":\"ImageObject\",\"inLanguage\":\"de\",\"@id\":\"https:\/\/oxymatic.lobostudio.pl\/en\/wsparcie\/#primaryimage\",\"url\":\"https:\/\/oxymatic.lobostudio.pl\/wp-content\/uploads\/2024\/02\/szkolenie-white.svg\",\"contentUrl\":\"https:\/\/oxymatic.lobostudio.pl\/wp-content\/uploads\/2024\/02\/szkolenie-white.svg\"},{\"@type\":\"BreadcrumbList\",\"@id\":\"https:\/\/oxymatic.lobostudio.pl\/en\/wsparcie\/#breadcrumb\",\"itemListElement\":[{\"@type\":\"ListItem\",\"position\":1,\"name\":\"Home\",\"item\":\"https:\/\/oxymatic.lobostudio.pl\/de\/\"},{\"@type\":\"ListItem\",\"position\":2,\"name\":\"Unterst\u00fctzung\"}]},{\"@type\":\"WebSite\",\"@id\":\"https:\/\/www.oxymatic.lobostudio.pl\/en\/#website\",\"url\":\"https:\/\/www.oxymatic.lobostudio.pl\/en\/\",\"name\":\"Oxymatic - komory hiperbaryczne\",\"description\":\"komory hiperbaryczne mHBOT\",\"publisher\":{\"@id\":\"https:\/\/www.oxymatic.lobostudio.pl\/en\/#organization\"},\"potentialAction\":[{\"@type\":\"SearchAction\",\"target\":{\"@type\":\"EntryPoint\",\"urlTemplate\":\"https:\/\/www.oxymatic.lobostudio.pl\/en\/?s={search_term_string}\"},\"query-input\":\"required name=search_term_string\"}],\"inLanguage\":\"de\"},{\"@type\":\"Organization\",\"@id\":\"https:\/\/www.oxymatic.lobostudio.pl\/en\/#organization\",\"name\":\"Oxymatic\",\"url\":\"https:\/\/www.oxymatic.lobostudio.pl\/en\/\",\"logo\":{\"@type\":\"ImageObject\",\"inLanguage\":\"de\",\"@id\":\"https:\/\/www.oxymatic.lobostudio.pl\/en\/#\/schema\/logo\/image\/\",\"url\":\"https:\/\/oxymatic.lobostudio.pl\/wp-content\/uploads\/2023\/12\/Oxymatic-logo-green-1.svg\",\"contentUrl\":\"https:\/\/oxymatic.lobostudio.pl\/wp-content\/uploads\/2023\/12\/Oxymatic-logo-green-1.svg\",\"width\":195,\"height\":43,\"caption\":\"Oxymatic\"},\"image\":{\"@id\":\"https:\/\/www.oxymatic.lobostudio.pl\/en\/#\/schema\/logo\/image\/\"},\"sameAs\":[\"https:\/\/www.facebook.com\/p\/Oxymatic-61558663586440\/\"]}]}<\/script>\n<!-- \/ Yoast SEO plugin. -->","yoast_head_json":{"title":"Unterst\u00fctzung - Oxymatic","robots":{"index":"index","follow":"follow","max-snippet":"max-snippet:-1","max-image-preview":"max-image-preview:large","max-video-preview":"max-video-preview:-1"},"canonical":"https:\/\/oxymatic.lobostudio.pl\/en\/wsparcie\/","og_locale":"de_DE","og_type":"article","og_title":"Unterst\u00fctzung - Oxymatic","og_description":"Unterst\u00fctzung f\u00fcr Ihr Unternehmen Wir bieten ganzheitliche Dienstleistungen an, die unsere Kunden unterst\u00fctzen. Schulungen Die Schulung im Bereich der Bedienung der Kammer erfolgt durch unser Fachpersonal bei Ihnen vor Ort. Auch beim Marketing k\u00f6nnen Sie auf unsere Unterst\u00fctzung z\u00e4hlenMehr erfahren Mehr erfahren Service Unsere Servicetechniker installieren die Kammer bei Ihnen vor Ort und f\u00fchren Tests [&hellip;]","og_url":"https:\/\/oxymatic.lobostudio.pl\/en\/wsparcie\/","og_site_name":"Oxymatic","article_publisher":"https:\/\/www.facebook.com\/p\/Oxymatic-61558663586440\/","article_modified_time":"2025-07-23T10:36:53+00:00","og_image":[{"url":"https:\/\/oxymatic.lobostudio.pl\/wp-content\/uploads\/2024\/02\/szkolenie-white.svg"}],"twitter_card":"summary_large_image","twitter_misc":{"Gesch\u00e4tzte Lesezeit":"2\u00a0Minuten"},"schema":{"@context":"https:\/\/schema.org","@graph":[{"@type":"WebPage","@id":"https:\/\/oxymatic.lobostudio.pl\/en\/wsparcie\/","url":"https:\/\/oxymatic.lobostudio.pl\/en\/wsparcie\/","name":"Unterst\u00fctzung - Oxymatic","isPartOf":{"@id":"https:\/\/www.oxymatic.lobostudio.pl\/en\/#website"},"primaryImageOfPage":{"@id":"https:\/\/oxymatic.lobostudio.pl\/en\/wsparcie\/#primaryimage"},"image":{"@id":"https:\/\/oxymatic.lobostudio.pl\/en\/wsparcie\/#primaryimage"},"thumbnailUrl":"https:\/\/oxymatic.lobostudio.pl\/wp-content\/uploads\/2024\/02\/szkolenie-white.svg","datePublished":"2024-04-10T06:57:33+00:00","dateModified":"2025-07-23T10:36:53+00:00","breadcrumb":{"@id":"https:\/\/oxymatic.lobostudio.pl\/en\/wsparcie\/#breadcrumb"},"inLanguage":"de","potentialAction":[{"@type":"ReadAction","target":["https:\/\/oxymatic.lobostudio.pl\/en\/wsparcie\/"]}]},{"@type":"ImageObject","inLanguage":"de","@id":"https:\/\/oxymatic.lobostudio.pl\/en\/wsparcie\/#primaryimage","url":"https:\/\/oxymatic.lobostudio.pl\/wp-content\/uploads\/2024\/02\/szkolenie-white.svg","contentUrl":"https:\/\/oxymatic.lobostudio.pl\/wp-content\/uploads\/2024\/02\/szkolenie-white.svg"},{"@type":"BreadcrumbList","@id":"https:\/\/oxymatic.lobostudio.pl\/en\/wsparcie\/#breadcrumb","itemListElement":[{"@type":"ListItem","position":1,"name":"Home","item":"https:\/\/oxymatic.lobostudio.pl\/de\/"},{"@type":"ListItem","position":2,"name":"Unterst\u00fctzung"}]},{"@type":"WebSite","@id":"https:\/\/www.oxymatic.lobostudio.pl\/en\/#website","url":"https:\/\/www.oxymatic.lobostudio.pl\/en\/","name":"Oxymatic - komory hiperbaryczne","description":"komory hiperbaryczne mHBOT","publisher":{"@id":"https:\/\/www.oxymatic.lobostudio.pl\/en\/#organization"},"potentialAction":[{"@type":"SearchAction","target":{"@type":"EntryPoint","urlTemplate":"https:\/\/www.oxymatic.lobostudio.pl\/en\/?s={search_term_string}"},"query-input":"required name=search_term_string"}],"inLanguage":"de"},{"@type":"Organization","@id":"https:\/\/www.oxymatic.lobostudio.pl\/en\/#organization","name":"Oxymatic","url":"https:\/\/www.oxymatic.lobostudio.pl\/en\/","logo":{"@type":"ImageObject","inLanguage":"de","@id":"https:\/\/www.oxymatic.lobostudio.pl\/en\/#\/schema\/logo\/image\/","url":"https:\/\/oxymatic.lobostudio.pl\/wp-content\/uploads\/2023\/12\/Oxymatic-logo-green-1.svg","contentUrl":"https:\/\/oxymatic.lobostudio.pl\/wp-content\/uploads\/2023\/12\/Oxymatic-logo-green-1.svg","width":195,"height":43,"caption":"Oxymatic"},"image":{"@id":"https:\/\/www.oxymatic.lobostudio.pl\/en\/#\/schema\/logo\/image\/"},"sameAs":["https:\/\/www.facebook.com\/p\/Oxymatic-61558663586440\/"]}]}},"_links":{"self":[{"href":"https:\/\/oxymatic.lobostudio.pl\/de\/wp-json\/wp\/v2\/pages\/4823","targetHints":{"allow":["GET"]}}],"collection":[{"href":"https:\/\/oxymatic.lobostudio.pl\/de\/wp-json\/wp\/v2\/pages"}],"about":[{"href":"https:\/\/oxymatic.lobostudio.pl\/de\/wp-json\/wp\/v2\/types\/page"}],"author":[{"embeddable":true,"href":"https:\/\/oxymatic.lobostudio.pl\/de\/wp-json\/wp\/v2\/users\/1"}],"replies":[{"embeddable":true,"href":"https:\/\/oxymatic.lobostudio.pl\/de\/wp-json\/wp\/v2\/comments?post=4823"}],"version-history":[{"count":5,"href":"https:\/\/oxymatic.lobostudio.pl\/de\/wp-json\/wp\/v2\/pages\/4823\/revisions"}],"predecessor-version":[{"id":5156,"href":"https:\/\/oxymatic.lobostudio.pl\/de\/wp-json\/wp\/v2\/pages\/4823\/revisions\/5156"}],"wp:attachment":[{"href":"https:\/\/oxymatic.lobostudio.pl\/de\/wp-json\/wp\/v2\/media?parent=4823"}],"curies":[{"name":"wp","href":"https:\/\/api.w.org\/{rel}","templated":true}]}}