{"id":5980,"date":"2024-03-29T16:31:48","date_gmt":"2024-03-29T16:31:48","guid":{"rendered":"https:\/\/oxymatic.lobostudio.pl\/formation\/"},"modified":"2025-09-28T19:18:31","modified_gmt":"2025-09-28T19:18:31","slug":"formation","status":"publish","type":"page","link":"https:\/\/oxymatic.lobostudio.pl\/fr\/formation\/","title":{"rendered":"formation"},"content":{"rendered":"\t\t<div data-elementor-type=\"wp-page\" data-elementor-id=\"5980\" class=\"elementor elementor-5980 elementor-987\" data-elementor-post-type=\"page\">\n\t\t\t\t\t\t\t<div class=\"elementor-element elementor-element-dd65258 e-flex e-con-boxed e-con e-child\" data-id=\"dd65258\" data-element_type=\"container\" data-settings=\"{&quot;background_background&quot;:&quot;classic&quot;,&quot;shape_divider_bottom&quot;:&quot;mountains&quot;,&quot;container_type&quot;:&quot;flex&quot;,&quot;content_width&quot;:&quot;boxed&quot;}\">\n\t\t\t\t\t<div class=\"e-con-inner\">\n\t\t\t\t<div class=\"elementor-shape elementor-shape-bottom\" data-negative=\"false\">\n\t\t\t<svg xmlns=\"http:\/\/www.w3.org\/2000\/svg\" viewBox=\"0 0 1000 100\" preserveAspectRatio=\"none\">\n\t<path class=\"elementor-shape-fill\" opacity=\"0.33\" d=\"M473,67.3c-203.9,88.3-263.1-34-320.3,0C66,119.1,0,59.7,0,59.7V0h1000v59.7 c0,0-62.1,26.1-94.9,29.3c-32.8,3.3-62.8-12.3-75.8-22.1C806,49.6,745.3,8.7,694.9,4.7S492.4,59,473,67.3z\"\/>\n\t<path class=\"elementor-shape-fill\" opacity=\"0.66\" d=\"M734,67.3c-45.5,0-77.2-23.2-129.1-39.1c-28.6-8.7-150.3-10.1-254,39.1 s-91.7-34.4-149.2,0C115.7,118.3,0,39.8,0,39.8V0h1000v36.5c0,0-28.2-18.5-92.1-18.5C810.2,18.1,775.7,67.3,734,67.3z\"\/>\n\t<path class=\"elementor-shape-fill\" d=\"M766.1,28.9c-200-57.5-266,65.5-395.1,19.5C242,1.8,242,5.4,184.8,20.6C128,35.8,132.3,44.9,89.9,52.5C28.6,63.7,0,0,0,0 h1000c0,0-9.9,40.9-83.6,48.1S829.6,47,766.1,28.9z\"\/>\n<\/svg>\t\t<\/div>\n\t\t\t\t<div class=\"elementor-element elementor-element-9030727 elementor-absolute elementor-invisible elementor-widget elementor-widget-heading\" data-id=\"9030727\" data-element_type=\"widget\" data-settings=\"{&quot;_position&quot;:&quot;absolute&quot;,&quot;motion_fx_motion_fx_scrolling&quot;:&quot;yes&quot;,&quot;motion_fx_translateY_effect&quot;:&quot;yes&quot;,&quot;_animation&quot;:&quot;fadeIn&quot;,&quot;_animation_delay&quot;:500,&quot;motion_fx_translateY_speed&quot;:{&quot;unit&quot;:&quot;px&quot;,&quot;size&quot;:4,&quot;sizes&quot;:[]},&quot;motion_fx_translateY_affectedRange&quot;:{&quot;unit&quot;:&quot;%&quot;,&quot;size&quot;:&quot;&quot;,&quot;sizes&quot;:{&quot;start&quot;:0,&quot;end&quot;:100}},&quot;motion_fx_devices&quot;:[&quot;desktop&quot;,&quot;tablet&quot;,&quot;mobile&quot;]}\" data-widget_type=\"heading.default\">\n\t\t\t\t<div class=\"elementor-widget-container\">\n\t\t\t<style>\/*! elementor - v3.17.0 - 08-11-2023 *\/\n.elementor-heading-title{padding:0;margin:0;line-height:1}.elementor-widget-heading .elementor-heading-title[class*=elementor-size-]>a{color:inherit;font-size:inherit;line-height:inherit}.elementor-widget-heading .elementor-heading-title.elementor-size-small{font-size:15px}.elementor-widget-heading .elementor-heading-title.elementor-size-medium{font-size:19px}.elementor-widget-heading .elementor-heading-title.elementor-size-large{font-size:29px}.elementor-widget-heading .elementor-heading-title.elementor-size-xl{font-size:39px}.elementor-widget-heading .elementor-heading-title.elementor-size-xxl{font-size:59px}<\/style><h2 class=\"elementor-heading-title elementor-size-default\">FORMATION<\/h2>\t\t<\/div>\n\t\t\t\t<\/div>\n\t\t\t\t<div class=\"elementor-element elementor-element-c7e4e9d elementor-widget__width-initial elementor-widget-tablet__width-initial elementor-absolute elementor-invisible elementor-widget elementor-widget-image\" data-id=\"c7e4e9d\" data-element_type=\"widget\" data-settings=\"{&quot;_position&quot;:&quot;absolute&quot;,&quot;_animation&quot;:&quot;fadeIn&quot;}\" data-widget_type=\"image.default\">\n\t\t\t\t<div class=\"elementor-widget-container\">\n\t\t\t<style>\/*! elementor - v3.17.0 - 08-11-2023 *\/\n.elementor-widget-image{text-align:center}.elementor-widget-image a{display:inline-block}.elementor-widget-image a img[src$=\".svg\"]{width:48px}.elementor-widget-image img{vertical-align:middle;display:inline-block}<\/style>\t\t\t\t\t\t\t\t\t\t\t\t<img fetchpriority=\"high\" decoding=\"async\" width=\"800\" height=\"534\" src=\"https:\/\/oxymatic.lobostudio.pl\/wp-content\/uploads\/2023\/12\/female-speaker-giving-presentation-hall-university-workshop-audience-conference-hall.jpg\" class=\"attachment-large size-large wp-image-6192\" alt=\"\" srcset=\"https:\/\/oxymatic.lobostudio.pl\/wp-content\/uploads\/2023\/12\/female-speaker-giving-presentation-hall-university-workshop-audience-conference-hall.jpg 1000w, https:\/\/oxymatic.lobostudio.pl\/wp-content\/uploads\/2023\/12\/female-speaker-giving-presentation-hall-university-workshop-audience-conference-hall-300x200.jpg 300w, https:\/\/oxymatic.lobostudio.pl\/wp-content\/uploads\/2023\/12\/female-speaker-giving-presentation-hall-university-workshop-audience-conference-hall-768x512.jpg 768w\" sizes=\"(max-width: 800px) 100vw, 800px\" \/>\t\t\t\t\t\t\t\t\t\t\t\t\t\t\t<\/div>\n\t\t\t\t<\/div>\n\t\t<div class=\"elementor-element elementor-element-65826a7 e-con-full e-flex elementor-invisible e-con e-child\" data-id=\"65826a7\" data-element_type=\"container\" data-settings=\"{&quot;content_width&quot;:&quot;full&quot;,&quot;background_background&quot;:&quot;classic&quot;,&quot;animation&quot;:&quot;fadeInRight&quot;,&quot;container_type&quot;:&quot;flex&quot;}\">\n\t\t\t\t<div class=\"elementor-element elementor-element-3cd5456 elementor-widget elementor-widget-heading\" data-id=\"3cd5456\" data-element_type=\"widget\" data-settings=\"{&quot;_animation&quot;:&quot;none&quot;}\" data-widget_type=\"heading.default\">\n\t\t\t\t<div class=\"elementor-widget-container\">\n\t\t\t<h2 class=\"elementor-heading-title elementor-size-default\">FORMATION<\/h2>\t\t<\/div>\n\t\t\t\t<\/div>\n\t\t\t\t<div class=\"elementor-element elementor-element-05ada6b elementor-widget__width-initial elementor-widget elementor-widget-text-editor\" data-id=\"05ada6b\" data-element_type=\"widget\" data-widget_type=\"text-editor.default\">\n\t\t\t\t<div class=\"elementor-widget-container\">\n\t\t\t<style>\/*! elementor - v3.17.0 - 08-11-2023 *\/\n.elementor-widget-text-editor.elementor-drop-cap-view-stacked .elementor-drop-cap{background-color:#69727d;color:#fff}.elementor-widget-text-editor.elementor-drop-cap-view-framed .elementor-drop-cap{color:#69727d;border:3px solid;background-color:transparent}.elementor-widget-text-editor:not(.elementor-drop-cap-view-default) .elementor-drop-cap{margin-top:8px}.elementor-widget-text-editor:not(.elementor-drop-cap-view-default) .elementor-drop-cap-letter{width:1em;height:1em}.elementor-widget-text-editor .elementor-drop-cap{float:left;text-align:center;line-height:1;font-size:50px}.elementor-widget-text-editor .elementor-drop-cap-letter{display:inline-block}<\/style>\t\t\t\t<h3><strong>Nos sp\u00e9cialistes organisent des formations en chambre sur votre site. Vous pouvez \u00e9galement compter sur notre aide en mati\u00e8re de marketing <\/strong><\/h3>\t\t\t\t\t\t<\/div>\n\t\t\t\t<\/div>\n\t\t\t\t<div class=\"elementor-element elementor-element-5048ded elementor-widget__width-initial elementor-widget elementor-widget-text-editor\" data-id=\"5048ded\" data-element_type=\"widget\" data-widget_type=\"text-editor.default\">\n\t\t\t\t<div class=\"elementor-widget-container\">\n\t\t\t\t\t\t\t<p>Oxymatic\u00ae propose des cours de formation \u00e0 la th\u00e9rapie hyperbare par OHB de grande qualit\u00e9, destin\u00e9s aux professionnels et aux particuliers. Les programmes de formation sont flexibles et adapt\u00e9s aux diff\u00e9rents niveaux d&#8217;exp\u00e9rience, ce qui permet d&#8217;acqu\u00e9rir les comp\u00e9tences n\u00e9cessaires dans le domaine de l&#8217;utilisation du caisson hyperbare Oxymatic\u00ae. \u00c0 la fin de la formation, les participants re\u00e7oivent un certificat confirmant les comp\u00e9tences qu&#8217;ils ont acquises et un soutien pour leur d\u00e9veloppement ult\u00e9rieur, y compris l&#8217;acc\u00e8s au mat\u00e9riel de formation et \u00e0 l&#8217;assistance technique.  <\/p>\t\t\t\t\t\t<\/div>\n\t\t\t\t<\/div>\n\t\t\t\t<\/div>\n\t\t\t\t\t<\/div>\n\t\t\t\t<\/div>\n\t\t<div class=\"elementor-element elementor-element-4d657ad e-flex e-con-boxed e-con e-child\" data-id=\"4d657ad\" data-element_type=\"container\" data-settings=\"{&quot;background_background&quot;:&quot;classic&quot;,&quot;container_type&quot;:&quot;flex&quot;,&quot;content_width&quot;:&quot;boxed&quot;}\">\n\t\t\t\t\t<div class=\"e-con-inner\">\n\t\t<div class=\"elementor-element elementor-element-f6b05da e-flex e-con-boxed e-con e-child\" data-id=\"f6b05da\" data-element_type=\"container\" data-settings=\"{&quot;background_background&quot;:&quot;classic&quot;,&quot;container_type&quot;:&quot;flex&quot;,&quot;content_width&quot;:&quot;boxed&quot;}\">\n\t\t\t\t\t<div class=\"e-con-inner\">\n\t\t\t\t<div class=\"elementor-element elementor-element-0c1a7d6 elementor-widget elementor-widget-heading\" data-id=\"0c1a7d6\" data-element_type=\"widget\" data-widget_type=\"heading.default\">\n\t\t\t\t<div class=\"elementor-widget-container\">\n\t\t\t<h2 class=\"elementor-heading-title elementor-size-default\">Formation \u00e0 l'OHB (th\u00e9rapie hyperbare) chez <sup>Oxymatic\u00ae<\/sup>.<\/h2>\t\t<\/div>\n\t\t\t\t<\/div>\n\t\t\t\t<div class=\"elementor-element elementor-element-d199c90 elementor-widget elementor-widget-text-editor\" data-id=\"d199c90\" data-element_type=\"widget\" data-widget_type=\"text-editor.default\">\n\t\t\t\t<div class=\"elementor-widget-container\">\n\t\t\t\t\t\t\tChez Oxymatic\u00ae, nous comprenons que des connaissances approfondies et des comp\u00e9tences pratiques sont essentielles \u00e0 l&#8217;utilisation efficace de l&#8217;oxyg\u00e9noth\u00e9rapie hyperbare HBOT. C&#8217;est pourquoi nous proposons des formations sp\u00e9cialis\u00e9es, con\u00e7ues pour les professionnels et les particuliers, qui se d\u00e9roulent directement sur votre lieu de travail ou \u00e0 votre domicile. Nos formations compl\u00e8tes \u00e0 l&#8217;OHB vous permettent d&#8217;exploiter tout le potentiel des caissons hyperbares.  \t\t\t\t\t\t<\/div>\n\t\t\t\t<\/div>\n\t\t\t\t<div class=\"elementor-element elementor-element-965df42 elementor-widget elementor-widget-heading\" data-id=\"965df42\" data-element_type=\"widget\" data-widget_type=\"heading.default\">\n\t\t\t\t<div class=\"elementor-widget-container\">\n\t\t\t<h2 class=\"elementor-heading-title elementor-size-default\">Des programmes de formation adapt\u00e9s \u00e0 vos besoins en mati\u00e8re d'OHB<\/h2>\t\t<\/div>\n\t\t\t\t<\/div>\n\t\t\t\t<div class=\"elementor-element elementor-element-303292f elementor-widget elementor-widget-text-editor\" data-id=\"303292f\" data-element_type=\"widget\" data-widget_type=\"text-editor.default\">\n\t\t\t\t<div class=\"elementor-widget-container\">\n\t\t\t\t\t\t\tNos cours de formation \u00e0 l&#8217;OHB sont adapt\u00e9s aux diff\u00e9rents niveaux d&#8217;exp\u00e9rience, des bases aux techniques avanc\u00e9es pour le fonctionnement et l&#8217;utilisation des caissons <b>hyperbares <sup>Oxymatic\u00ae<\/sup><\/b>. Sous la direction d&#8217;instructeurs exp\u00e9riment\u00e9s, chaque stagiaire acquiert les comp\u00e9tences et la confiance n\u00e9cessaires pour utiliser efficacement la th\u00e9rapie hyperbare. \t\t\t\t\t\t<\/div>\n\t\t\t\t<\/div>\n\t\t\t\t<div class=\"elementor-element elementor-element-c8cd7f1 elementor-widget elementor-widget-heading\" data-id=\"c8cd7f1\" data-element_type=\"widget\" data-widget_type=\"heading.default\">\n\t\t\t\t<div class=\"elementor-widget-container\">\n\t\t\t<h2 class=\"elementor-heading-title elementor-size-default\">Certification et soutien apr\u00e8s la formation \u00e0 l'OHB<\/h2>\t\t<\/div>\n\t\t\t\t<\/div>\n\t\t\t\t<div class=\"elementor-element elementor-element-51841f5 elementor-widget elementor-widget-text-editor\" data-id=\"51841f5\" data-element_type=\"widget\" data-widget_type=\"text-editor.default\">\n\t\t\t\t<div class=\"elementor-widget-container\">\n\t\t\t\t\t\t\tChaque participant \u00e0 nos cours de formation \u00e0 l&#8217;oxyg\u00e9noth\u00e9rapie <b>hyperbare<\/b> re\u00e7oit non seulement <b>un certificat <sup>Oxymatic\u00ae<\/sup>,<\/b> confirmant ses comp\u00e9tences, mais aussi un ensemble de documents de formation pour l&#8217;aider \u00e0 d\u00e9velopper et \u00e0 consolider les connaissances qu&#8217;il a acquises. Nous fournissons \u00e9galement un soutien post-formation &#8211; nous dissiperons tous les doutes que vous pourriez avoir sur l&#8217;utilisation de la technologie OHB. \t\t\t\t\t\t<\/div>\n\t\t\t\t<\/div>\n\t\t<div class=\"elementor-element elementor-element-386d743 e-flex e-con-boxed e-con e-child\" data-id=\"386d743\" data-element_type=\"container\" data-settings=\"{&quot;container_type&quot;:&quot;flex&quot;,&quot;content_width&quot;:&quot;boxed&quot;}\">\n\t\t\t\t\t<div class=\"e-con-inner\">\n\t\t<div class=\"elementor-element elementor-element-6a4e376 e-con-full e-flex e-con e-child\" data-id=\"6a4e376\" data-element_type=\"container\" data-settings=\"{&quot;content_width&quot;:&quot;full&quot;,&quot;container_type&quot;:&quot;flex&quot;}\">\n\t\t\t\t<div class=\"elementor-element elementor-element-9ec94f9 elementor-widget__width-initial elementor-invisible elementor-widget elementor-widget-image\" data-id=\"9ec94f9\" data-element_type=\"widget\" data-settings=\"{&quot;_animation&quot;:&quot;fadeIn&quot;}\" data-widget_type=\"image.default\">\n\t\t\t\t<div class=\"elementor-widget-container\">\n\t\t\t\t\t\t\t\t\t\t\t\t\t\t\t<img decoding=\"async\" width=\"800\" height=\"728\" src=\"https:\/\/oxymatic.lobostudio.pl\/wp-content\/uploads\/2024\/03\/1-1024x932.webp\" class=\"attachment-large size-large wp-image-6201\" alt=\"\" srcset=\"https:\/\/oxymatic.lobostudio.pl\/wp-content\/uploads\/2024\/03\/1-1024x932.webp 1024w, https:\/\/oxymatic.lobostudio.pl\/wp-content\/uploads\/2024\/03\/1-300x273.webp 300w, https:\/\/oxymatic.lobostudio.pl\/wp-content\/uploads\/2024\/03\/1-768x699.webp 768w, https:\/\/oxymatic.lobostudio.pl\/wp-content\/uploads\/2024\/03\/1.webp 1267w\" sizes=\"(max-width: 800px) 100vw, 800px\" \/>\t\t\t\t\t\t\t\t\t\t\t\t\t\t\t<\/div>\n\t\t\t\t<\/div>\n\t\t\t\t<\/div>\n\t\t<div class=\"elementor-element elementor-element-8c9596f e-con-full e-flex e-con e-child\" data-id=\"8c9596f\" data-element_type=\"container\" data-settings=\"{&quot;content_width&quot;:&quot;full&quot;,&quot;background_background&quot;:&quot;classic&quot;,&quot;container_type&quot;:&quot;flex&quot;}\">\n\t\t\t\t<div class=\"elementor-element elementor-element-0e630a3 elementor-invisible elementor-widget elementor-widget-heading\" data-id=\"0e630a3\" data-element_type=\"widget\" data-settings=\"{&quot;_animation&quot;:&quot;fadeInLeft&quot;,&quot;_animation_delay&quot;:1000}\" data-widget_type=\"heading.default\">\n\t\t\t\t<div class=\"elementor-widget-container\">\n\t\t\t<h2 class=\"elementor-heading-title elementor-size-default\">Pour en savoir plus <br>sur le service Oxymatic<sup>\u00ae<\/h2>\t\t<\/div>\n\t\t\t\t<\/div>\n\t\t\t\t<div class=\"elementor-element elementor-element-f2609ee elementor-invisible elementor-widget elementor-widget-button\" data-id=\"f2609ee\" data-element_type=\"widget\" data-settings=\"{&quot;_animation&quot;:&quot;fadeInLeft&quot;,&quot;_animation_delay&quot;:1000}\" data-widget_type=\"button.default\">\n\t\t\t\t<div class=\"elementor-widget-container\">\n\t\t\t\t\t<div class=\"elementor-button-wrapper\">\n\t\t\t<a class=\"elementor-button elementor-button-link elementor-size-sm elementor-animation-sink\" href=\"https:\/\/oxymatic.lobostudio.pl\/fr\/service\/\">\n\t\t\t\t\t\t<span class=\"elementor-button-content-wrapper\">\n\t\t\t\t\t\t<span class=\"elementor-button-text\">Voir<\/span>\n\t\t<\/span>\n\t\t\t\t\t<\/a>\n\t\t<\/div>\n\t\t\t\t<\/div>\n\t\t\t\t<\/div>\n\t\t\t\t<\/div>\n\t\t\t\t\t<\/div>\n\t\t\t\t<\/div>\n\t\t\t\t\t<\/div>\n\t\t\t\t<\/div>\n\t\t\t\t\t<\/div>\n\t\t\t\t<\/div>\n\t\t\t\t\t\t\t<\/div>\n\t\t","protected":false},"excerpt":{"rendered":"<p>FORMATION FORMATION Nos sp\u00e9cialistes organisent des formations en chambre sur votre site. Vous pouvez \u00e9galement compter sur notre aide en mati\u00e8re de marketing Oxymatic\u00ae propose des cours de formation \u00e0 la th\u00e9rapie hyperbare par OHB de grande qualit\u00e9, destin\u00e9s aux professionnels et aux particuliers. Les programmes de formation sont flexibles et adapt\u00e9s aux diff\u00e9rents niveaux [&hellip;]<\/p>\n","protected":false},"author":1,"featured_media":0,"parent":0,"menu_order":0,"comment_status":"closed","ping_status":"closed","template":"elementor_header_footer","meta":{"_acf_changed":false,"inline_featured_image":false,"footnotes":""},"class_list":["post-5980","page","type-page","status-publish","hentry"],"acf":[],"yoast_head":"<!-- This site is optimized with the Yoast SEO plugin v22.4 - https:\/\/yoast.com\/wordpress\/plugins\/seo\/ -->\n<title>formation - Oxymatic<\/title>\n<meta name=\"robots\" content=\"index, follow, max-snippet:-1, max-image-preview:large, max-video-preview:-1\" \/>\n<link rel=\"canonical\" href=\"https:\/\/oxymatic.lobostudio.pl\/en\/training\/\" \/>\n<meta property=\"og:locale\" content=\"fr_FR\" \/>\n<meta property=\"og:type\" content=\"article\" \/>\n<meta property=\"og:title\" content=\"formation - Oxymatic\" \/>\n<meta property=\"og:description\" content=\"FORMATION FORMATION Nos sp\u00e9cialistes organisent des formations en chambre sur votre site. Vous pouvez \u00e9galement compter sur notre aide en mati\u00e8re de marketing Oxymatic\u00ae propose des cours de formation \u00e0 la th\u00e9rapie hyperbare par OHB de grande qualit\u00e9, destin\u00e9s aux professionnels et aux particuliers. Les programmes de formation sont flexibles et adapt\u00e9s aux diff\u00e9rents niveaux [&hellip;]\" \/>\n<meta property=\"og:url\" content=\"https:\/\/oxymatic.lobostudio.pl\/en\/training\/\" \/>\n<meta property=\"og:site_name\" content=\"Oxymatic\" \/>\n<meta property=\"article:publisher\" content=\"https:\/\/www.facebook.com\/p\/Oxymatic-61558663586440\/\" \/>\n<meta property=\"article:modified_time\" content=\"2025-09-28T19:18:31+00:00\" \/>\n<meta property=\"og:image\" content=\"https:\/\/oxymatic.lobostudio.pl\/wp-content\/uploads\/2023\/12\/female-speaker-giving-presentation-hall-university-workshop-audience-conference-hall.jpg\" \/>\n<meta name=\"twitter:card\" content=\"summary_large_image\" \/>\n<meta name=\"twitter:label1\" content=\"Dur\u00e9e de lecture estim\u00e9e\" \/>\n\t<meta name=\"twitter:data1\" content=\"2 minutes\" \/>\n<script type=\"application\/ld+json\" class=\"yoast-schema-graph\">{\"@context\":\"https:\/\/schema.org\",\"@graph\":[{\"@type\":\"WebPage\",\"@id\":\"https:\/\/oxymatic.lobostudio.pl\/en\/training\/\",\"url\":\"https:\/\/oxymatic.lobostudio.pl\/en\/training\/\",\"name\":\"formation - Oxymatic\",\"isPartOf\":{\"@id\":\"https:\/\/www.oxymatic.lobostudio.pl\/en\/#website\"},\"primaryImageOfPage\":{\"@id\":\"https:\/\/oxymatic.lobostudio.pl\/en\/training\/#primaryimage\"},\"image\":{\"@id\":\"https:\/\/oxymatic.lobostudio.pl\/en\/training\/#primaryimage\"},\"thumbnailUrl\":\"https:\/\/oxymatic.lobostudio.pl\/wp-content\/uploads\/2023\/12\/female-speaker-giving-presentation-hall-university-workshop-audience-conference-hall.jpg\",\"datePublished\":\"2024-03-29T16:31:48+00:00\",\"dateModified\":\"2025-09-28T19:18:31+00:00\",\"breadcrumb\":{\"@id\":\"https:\/\/oxymatic.lobostudio.pl\/en\/training\/#breadcrumb\"},\"inLanguage\":\"fr-FR\",\"potentialAction\":[{\"@type\":\"ReadAction\",\"target\":[\"https:\/\/oxymatic.lobostudio.pl\/en\/training\/\"]}]},{\"@type\":\"ImageObject\",\"inLanguage\":\"fr-FR\",\"@id\":\"https:\/\/oxymatic.lobostudio.pl\/en\/training\/#primaryimage\",\"url\":\"https:\/\/oxymatic.lobostudio.pl\/wp-content\/uploads\/2023\/12\/female-speaker-giving-presentation-hall-university-workshop-audience-conference-hall.jpg\",\"contentUrl\":\"https:\/\/oxymatic.lobostudio.pl\/wp-content\/uploads\/2023\/12\/female-speaker-giving-presentation-hall-university-workshop-audience-conference-hall.jpg\"},{\"@type\":\"BreadcrumbList\",\"@id\":\"https:\/\/oxymatic.lobostudio.pl\/en\/training\/#breadcrumb\",\"itemListElement\":[{\"@type\":\"ListItem\",\"position\":1,\"name\":\"Home\",\"item\":\"https:\/\/oxymatic.lobostudio.pl\/fr\/\"},{\"@type\":\"ListItem\",\"position\":2,\"name\":\"formation\"}]},{\"@type\":\"WebSite\",\"@id\":\"https:\/\/www.oxymatic.lobostudio.pl\/en\/#website\",\"url\":\"https:\/\/www.oxymatic.lobostudio.pl\/en\/\",\"name\":\"Oxymatic - komory hiperbaryczne\",\"description\":\"komory hiperbaryczne mHBOT\",\"publisher\":{\"@id\":\"https:\/\/www.oxymatic.lobostudio.pl\/en\/#organization\"},\"potentialAction\":[{\"@type\":\"SearchAction\",\"target\":{\"@type\":\"EntryPoint\",\"urlTemplate\":\"https:\/\/www.oxymatic.lobostudio.pl\/en\/?s={search_term_string}\"},\"query-input\":\"required name=search_term_string\"}],\"inLanguage\":\"fr-FR\"},{\"@type\":\"Organization\",\"@id\":\"https:\/\/www.oxymatic.lobostudio.pl\/en\/#organization\",\"name\":\"Oxymatic\",\"url\":\"https:\/\/www.oxymatic.lobostudio.pl\/en\/\",\"logo\":{\"@type\":\"ImageObject\",\"inLanguage\":\"fr-FR\",\"@id\":\"https:\/\/www.oxymatic.lobostudio.pl\/en\/#\/schema\/logo\/image\/\",\"url\":\"https:\/\/oxymatic.lobostudio.pl\/wp-content\/uploads\/2023\/12\/Oxymatic-logo-green-1.svg\",\"contentUrl\":\"https:\/\/oxymatic.lobostudio.pl\/wp-content\/uploads\/2023\/12\/Oxymatic-logo-green-1.svg\",\"width\":195,\"height\":43,\"caption\":\"Oxymatic\"},\"image\":{\"@id\":\"https:\/\/www.oxymatic.lobostudio.pl\/en\/#\/schema\/logo\/image\/\"},\"sameAs\":[\"https:\/\/www.facebook.com\/p\/Oxymatic-61558663586440\/\"]}]}<\/script>\n<!-- \/ Yoast SEO plugin. -->","yoast_head_json":{"title":"formation - Oxymatic","robots":{"index":"index","follow":"follow","max-snippet":"max-snippet:-1","max-image-preview":"max-image-preview:large","max-video-preview":"max-video-preview:-1"},"canonical":"https:\/\/oxymatic.lobostudio.pl\/en\/training\/","og_locale":"fr_FR","og_type":"article","og_title":"formation - Oxymatic","og_description":"FORMATION FORMATION Nos sp\u00e9cialistes organisent des formations en chambre sur votre site. Vous pouvez \u00e9galement compter sur notre aide en mati\u00e8re de marketing Oxymatic\u00ae propose des cours de formation \u00e0 la th\u00e9rapie hyperbare par OHB de grande qualit\u00e9, destin\u00e9s aux professionnels et aux particuliers. Les programmes de formation sont flexibles et adapt\u00e9s aux diff\u00e9rents niveaux [&hellip;]","og_url":"https:\/\/oxymatic.lobostudio.pl\/en\/training\/","og_site_name":"Oxymatic","article_publisher":"https:\/\/www.facebook.com\/p\/Oxymatic-61558663586440\/","article_modified_time":"2025-09-28T19:18:31+00:00","og_image":[{"url":"https:\/\/oxymatic.lobostudio.pl\/wp-content\/uploads\/2023\/12\/female-speaker-giving-presentation-hall-university-workshop-audience-conference-hall.jpg"}],"twitter_card":"summary_large_image","twitter_misc":{"Dur\u00e9e de lecture estim\u00e9e":"2 minutes"},"schema":{"@context":"https:\/\/schema.org","@graph":[{"@type":"WebPage","@id":"https:\/\/oxymatic.lobostudio.pl\/en\/training\/","url":"https:\/\/oxymatic.lobostudio.pl\/en\/training\/","name":"formation - Oxymatic","isPartOf":{"@id":"https:\/\/www.oxymatic.lobostudio.pl\/en\/#website"},"primaryImageOfPage":{"@id":"https:\/\/oxymatic.lobostudio.pl\/en\/training\/#primaryimage"},"image":{"@id":"https:\/\/oxymatic.lobostudio.pl\/en\/training\/#primaryimage"},"thumbnailUrl":"https:\/\/oxymatic.lobostudio.pl\/wp-content\/uploads\/2023\/12\/female-speaker-giving-presentation-hall-university-workshop-audience-conference-hall.jpg","datePublished":"2024-03-29T16:31:48+00:00","dateModified":"2025-09-28T19:18:31+00:00","breadcrumb":{"@id":"https:\/\/oxymatic.lobostudio.pl\/en\/training\/#breadcrumb"},"inLanguage":"fr-FR","potentialAction":[{"@type":"ReadAction","target":["https:\/\/oxymatic.lobostudio.pl\/en\/training\/"]}]},{"@type":"ImageObject","inLanguage":"fr-FR","@id":"https:\/\/oxymatic.lobostudio.pl\/en\/training\/#primaryimage","url":"https:\/\/oxymatic.lobostudio.pl\/wp-content\/uploads\/2023\/12\/female-speaker-giving-presentation-hall-university-workshop-audience-conference-hall.jpg","contentUrl":"https:\/\/oxymatic.lobostudio.pl\/wp-content\/uploads\/2023\/12\/female-speaker-giving-presentation-hall-university-workshop-audience-conference-hall.jpg"},{"@type":"BreadcrumbList","@id":"https:\/\/oxymatic.lobostudio.pl\/en\/training\/#breadcrumb","itemListElement":[{"@type":"ListItem","position":1,"name":"Home","item":"https:\/\/oxymatic.lobostudio.pl\/fr\/"},{"@type":"ListItem","position":2,"name":"formation"}]},{"@type":"WebSite","@id":"https:\/\/www.oxymatic.lobostudio.pl\/en\/#website","url":"https:\/\/www.oxymatic.lobostudio.pl\/en\/","name":"Oxymatic - komory hiperbaryczne","description":"komory hiperbaryczne mHBOT","publisher":{"@id":"https:\/\/www.oxymatic.lobostudio.pl\/en\/#organization"},"potentialAction":[{"@type":"SearchAction","target":{"@type":"EntryPoint","urlTemplate":"https:\/\/www.oxymatic.lobostudio.pl\/en\/?s={search_term_string}"},"query-input":"required name=search_term_string"}],"inLanguage":"fr-FR"},{"@type":"Organization","@id":"https:\/\/www.oxymatic.lobostudio.pl\/en\/#organization","name":"Oxymatic","url":"https:\/\/www.oxymatic.lobostudio.pl\/en\/","logo":{"@type":"ImageObject","inLanguage":"fr-FR","@id":"https:\/\/www.oxymatic.lobostudio.pl\/en\/#\/schema\/logo\/image\/","url":"https:\/\/oxymatic.lobostudio.pl\/wp-content\/uploads\/2023\/12\/Oxymatic-logo-green-1.svg","contentUrl":"https:\/\/oxymatic.lobostudio.pl\/wp-content\/uploads\/2023\/12\/Oxymatic-logo-green-1.svg","width":195,"height":43,"caption":"Oxymatic"},"image":{"@id":"https:\/\/www.oxymatic.lobostudio.pl\/en\/#\/schema\/logo\/image\/"},"sameAs":["https:\/\/www.facebook.com\/p\/Oxymatic-61558663586440\/"]}]}},"_links":{"self":[{"href":"https:\/\/oxymatic.lobostudio.pl\/fr\/wp-json\/wp\/v2\/pages\/5980","targetHints":{"allow":["GET"]}}],"collection":[{"href":"https:\/\/oxymatic.lobostudio.pl\/fr\/wp-json\/wp\/v2\/pages"}],"about":[{"href":"https:\/\/oxymatic.lobostudio.pl\/fr\/wp-json\/wp\/v2\/types\/page"}],"author":[{"embeddable":true,"href":"https:\/\/oxymatic.lobostudio.pl\/fr\/wp-json\/wp\/v2\/users\/1"}],"replies":[{"embeddable":true,"href":"https:\/\/oxymatic.lobostudio.pl\/fr\/wp-json\/wp\/v2\/comments?post=5980"}],"version-history":[{"count":1,"href":"https:\/\/oxymatic.lobostudio.pl\/fr\/wp-json\/wp\/v2\/pages\/5980\/revisions"}],"predecessor-version":[{"id":5982,"href":"https:\/\/oxymatic.lobostudio.pl\/fr\/wp-json\/wp\/v2\/pages\/5980\/revisions\/5982"}],"wp:attachment":[{"href":"https:\/\/oxymatic.lobostudio.pl\/fr\/wp-json\/wp\/v2\/media?parent=5980"}],"curies":[{"name":"wp","href":"https:\/\/api.w.org\/{rel}","templated":true}]}}