{"id":1590,"date":"2024-04-10T06:57:33","date_gmt":"2024-04-10T06:57:33","guid":{"rendered":"https:\/\/oxymatic.lobostudio.pl\/?page_id=1590"},"modified":"2024-08-07T09:24:50","modified_gmt":"2024-08-07T09:24:50","slug":"wsparcie","status":"publish","type":"page","link":"https:\/\/oxymatic.lobostudio.pl\/pl\/wsparcie\/","title":{"rendered":"Wsparcie"},"content":{"rendered":"\t\t<div data-elementor-type=\"wp-page\" data-elementor-id=\"1590\" class=\"elementor elementor-1590\" data-elementor-post-type=\"page\">\n\t\t\t\t\t\t\t<div class=\"elementor-element elementor-element-1409799 e-con-full e-flex e-con e-parent\" data-id=\"1409799\" data-element_type=\"container\" data-settings=\"{&quot;content_width&quot;:&quot;full&quot;,&quot;background_background&quot;:&quot;classic&quot;,&quot;container_type&quot;:&quot;flex&quot;}\" data-e-bg-lazyload=\"\" data-core-v316-plus=\"true\">\n\t\t\t\t<div class=\"elementor-element elementor-element-33a408a elementor-widget__width-initial elementor-widget-tablet__width-initial elementor-invisible elementor-widget elementor-widget-heading\" data-id=\"33a408a\" data-element_type=\"widget\" data-settings=\"{&quot;_animation&quot;:&quot;fadeInLeft&quot;}\" data-widget_type=\"heading.default\">\n\t\t\t\t<div class=\"elementor-widget-container\">\n\t\t\t<style>\/*! elementor - v3.17.0 - 08-11-2023 *\/\n.elementor-heading-title{padding:0;margin:0;line-height:1}.elementor-widget-heading .elementor-heading-title[class*=elementor-size-]>a{color:inherit;font-size:inherit;line-height:inherit}.elementor-widget-heading .elementor-heading-title.elementor-size-small{font-size:15px}.elementor-widget-heading .elementor-heading-title.elementor-size-medium{font-size:19px}.elementor-widget-heading .elementor-heading-title.elementor-size-large{font-size:29px}.elementor-widget-heading .elementor-heading-title.elementor-size-xl{font-size:39px}.elementor-widget-heading .elementor-heading-title.elementor-size-xxl{font-size:59px}<\/style><span class=\"elementor-heading-title elementor-size-default\">Wsparcie Twojego biznesu <\/span>\t\t<\/div>\n\t\t\t\t<\/div>\n\t\t<div class=\"elementor-element elementor-element-73541aa e-con-full e-flex e-con e-child\" data-id=\"73541aa\" data-element_type=\"container\" data-settings=\"{&quot;content_width&quot;:&quot;full&quot;,&quot;container_type&quot;:&quot;flex&quot;}\">\n\t\t<div class=\"elementor-element elementor-element-9a0f4db e-con-full e-flex e-con e-child\" data-id=\"9a0f4db\" data-element_type=\"container\" data-settings=\"{&quot;content_width&quot;:&quot;full&quot;,&quot;container_type&quot;:&quot;flex&quot;}\">\n\t\t\t\t<div class=\"elementor-element elementor-element-d1a9a87 elementor-widget-tablet__width-initial elementor-invisible elementor-widget elementor-widget-text-editor\" data-id=\"d1a9a87\" data-element_type=\"widget\" data-settings=\"{&quot;_animation&quot;:&quot;fadeInLeft&quot;}\" data-widget_type=\"text-editor.default\">\n\t\t\t\t<div class=\"elementor-widget-container\">\n\t\t\t<style>\/*! elementor - v3.17.0 - 08-11-2023 *\/\n.elementor-widget-text-editor.elementor-drop-cap-view-stacked .elementor-drop-cap{background-color:#69727d;color:#fff}.elementor-widget-text-editor.elementor-drop-cap-view-framed .elementor-drop-cap{color:#69727d;border:3px solid;background-color:transparent}.elementor-widget-text-editor:not(.elementor-drop-cap-view-default) .elementor-drop-cap{margin-top:8px}.elementor-widget-text-editor:not(.elementor-drop-cap-view-default) .elementor-drop-cap-letter{width:1em;height:1em}.elementor-widget-text-editor .elementor-drop-cap{float:left;text-align:center;line-height:1;font-size:50px}.elementor-widget-text-editor .elementor-drop-cap-letter{display:inline-block}<\/style>\t\t\t\t<h3>Oferujemy kompleksowe us\u0142ugi wspieraj\u0105ce naszych klient\u00f3w.<\/h3>\t\t\t\t\t\t<\/div>\n\t\t\t\t<\/div>\n\t\t\t\t<\/div>\n\t\t<div class=\"elementor-element elementor-element-a13889d e-con-full e-flex e-con e-child\" data-id=\"a13889d\" data-element_type=\"container\" data-settings=\"{&quot;content_width&quot;:&quot;full&quot;,&quot;background_background&quot;:&quot;classic&quot;,&quot;container_type&quot;:&quot;flex&quot;}\">\n\t\t<div class=\"elementor-element elementor-element-84ccfbe e-con-full e-flex elementor-invisible e-con e-child\" data-id=\"84ccfbe\" data-element_type=\"container\" data-settings=\"{&quot;content_width&quot;:&quot;full&quot;,&quot;background_background&quot;:&quot;classic&quot;,&quot;animation&quot;:&quot;fadeInRight&quot;,&quot;container_type&quot;:&quot;flex&quot;}\">\n\t\t\t\t<div class=\"elementor-element elementor-element-d5f86de elementor-widget-mobile__width-initial elementor-position-top elementor-widget elementor-widget-image-box\" data-id=\"d5f86de\" data-element_type=\"widget\" data-widget_type=\"image-box.default\">\n\t\t\t\t<div class=\"elementor-widget-container\">\n\t\t\t<style>\/*! elementor - v3.17.0 - 08-11-2023 *\/\n.elementor-widget-image-box .elementor-image-box-content{width:100%}@media (min-width:768px){.elementor-widget-image-box.elementor-position-left .elementor-image-box-wrapper,.elementor-widget-image-box.elementor-position-right .elementor-image-box-wrapper{display:flex}.elementor-widget-image-box.elementor-position-right .elementor-image-box-wrapper{text-align:right;flex-direction:row-reverse}.elementor-widget-image-box.elementor-position-left .elementor-image-box-wrapper{text-align:left;flex-direction:row}.elementor-widget-image-box.elementor-position-top .elementor-image-box-img{margin:auto}.elementor-widget-image-box.elementor-vertical-align-top .elementor-image-box-wrapper{align-items:flex-start}.elementor-widget-image-box.elementor-vertical-align-middle .elementor-image-box-wrapper{align-items:center}.elementor-widget-image-box.elementor-vertical-align-bottom .elementor-image-box-wrapper{align-items:flex-end}}@media (max-width:767px){.elementor-widget-image-box .elementor-image-box-img{margin-left:auto!important;margin-right:auto!important;margin-bottom:15px}}.elementor-widget-image-box .elementor-image-box-img{display:inline-block}.elementor-widget-image-box .elementor-image-box-title a{color:inherit}.elementor-widget-image-box .elementor-image-box-wrapper{text-align:center}.elementor-widget-image-box .elementor-image-box-description{margin:0}<\/style><div class=\"elementor-image-box-wrapper\"><figure class=\"elementor-image-box-img\"><img fetchpriority=\"high\" decoding=\"async\" width=\"426\" height=\"421\" src=\"https:\/\/oxymatic.lobostudio.pl\/wp-content\/uploads\/2024\/02\/szkolenie-white.svg\" class=\"elementor-animation-sink attachment-full size-full wp-image-1277\" alt=\"\" \/><\/figure><div class=\"elementor-image-box-content\"><h3 class=\"elementor-image-box-title\">Szkolenia<\/h3><p class=\"elementor-image-box-description\">Nasi specjali\u015bci poprowadz\u0105 szkolenie z obs\u0142ugi komory u Ciebie. Mo\u017cesz liczy\u0107 r\u00f3wnie\u017c na pomoc w zakresie marketingu<\/p><\/div><\/div>\t\t<\/div>\n\t\t\t\t<\/div>\n\t\t\t\t<div class=\"elementor-element elementor-element-b9b8f5d elementor-align-center elementor-invisible elementor-widget elementor-widget-button\" data-id=\"b9b8f5d\" data-element_type=\"widget\" data-settings=\"{&quot;_animation&quot;:&quot;fadeInDown&quot;}\" data-widget_type=\"button.default\">\n\t\t\t\t<div class=\"elementor-widget-container\">\n\t\t\t\t\t<div class=\"elementor-button-wrapper\">\n\t\t\t<a class=\"elementor-button elementor-button-link elementor-size-sm elementor-animation-sink\" href=\"https:\/\/oxymatic.lobostudio.pl\/pl\/szkolenia\/\">\n\t\t\t\t\t\t<span class=\"elementor-button-content-wrapper\">\n\t\t\t\t\t\t<span class=\"elementor-button-text\">Sprawd\u017a<\/span>\n\t\t<\/span>\n\t\t\t\t\t<\/a>\n\t\t<\/div>\n\t\t\t\t<\/div>\n\t\t\t\t<\/div>\n\t\t\t\t<\/div>\n\t\t<div class=\"elementor-element elementor-element-f1fb393 e-con-full e-flex elementor-invisible e-con e-child\" data-id=\"f1fb393\" data-element_type=\"container\" data-settings=\"{&quot;content_width&quot;:&quot;full&quot;,&quot;background_background&quot;:&quot;classic&quot;,&quot;animation&quot;:&quot;fadeInRight&quot;,&quot;container_type&quot;:&quot;flex&quot;}\">\n\t\t\t\t<div class=\"elementor-element elementor-element-65cdee5 elementor-widget-mobile__width-initial elementor-position-top elementor-widget elementor-widget-image-box\" data-id=\"65cdee5\" data-element_type=\"widget\" data-widget_type=\"image-box.default\">\n\t\t\t\t<div class=\"elementor-widget-container\">\n\t\t\t<div class=\"elementor-image-box-wrapper\"><figure class=\"elementor-image-box-img\"><img decoding=\"async\" width=\"445\" height=\"490\" src=\"https:\/\/oxymatic.lobostudio.pl\/wp-content\/uploads\/2024\/02\/serwis-white.svg\" class=\"elementor-animation-sink attachment-full size-full wp-image-1279\" alt=\"\" \/><\/figure><div class=\"elementor-image-box-content\"><h3 class=\"elementor-image-box-title\">Serwis<\/h3><p class=\"elementor-image-box-description\">Nasi Serwisanci zamontuj\u0105 komor\u0119 u Ciebie i przeprowadz\u0105 testy. Dojad\u0105 do Ciebie w razie potrzeby, a tak\u017ce dokonaj\u0105 przegl\u0105d\u00f3w.<\/p><\/div><\/div>\t\t<\/div>\n\t\t\t\t<\/div>\n\t\t\t\t<div class=\"elementor-element elementor-element-5e2ae99 elementor-align-center elementor-invisible elementor-widget elementor-widget-button\" data-id=\"5e2ae99\" data-element_type=\"widget\" data-settings=\"{&quot;_animation&quot;:&quot;fadeInDown&quot;}\" data-widget_type=\"button.default\">\n\t\t\t\t<div class=\"elementor-widget-container\">\n\t\t\t\t\t<div class=\"elementor-button-wrapper\">\n\t\t\t<a class=\"elementor-button elementor-button-link elementor-size-sm elementor-animation-sink\" href=\"https:\/\/oxymatic.lobostudio.pl\/pl\/serwis\/\">\n\t\t\t\t\t\t<span class=\"elementor-button-content-wrapper\">\n\t\t\t\t\t\t<span class=\"elementor-button-text\">Sprawd\u017a<\/span>\n\t\t<\/span>\n\t\t\t\t\t<\/a>\n\t\t<\/div>\n\t\t\t\t<\/div>\n\t\t\t\t<\/div>\n\t\t\t\t<\/div>\n\t\t<div class=\"elementor-element elementor-element-fe17ff8 e-con-full e-flex elementor-invisible e-con e-child\" data-id=\"fe17ff8\" data-element_type=\"container\" data-settings=\"{&quot;content_width&quot;:&quot;full&quot;,&quot;background_background&quot;:&quot;classic&quot;,&quot;animation&quot;:&quot;fadeInRight&quot;,&quot;container_type&quot;:&quot;flex&quot;}\">\n\t\t\t\t<div class=\"elementor-element elementor-element-3352a72 elementor-widget-mobile__width-initial elementor-position-top elementor-widget elementor-widget-image-box\" data-id=\"3352a72\" data-element_type=\"widget\" data-widget_type=\"image-box.default\">\n\t\t\t\t<div class=\"elementor-widget-container\">\n\t\t\t<div class=\"elementor-image-box-wrapper\"><figure class=\"elementor-image-box-img\"><img decoding=\"async\" width=\"436\" height=\"439\" src=\"https:\/\/oxymatic.lobostudio.pl\/wp-content\/uploads\/2024\/02\/finansowanie-white.svg\" class=\"elementor-animation-sink attachment-full size-full wp-image-1278\" alt=\"\" \/><\/figure><div class=\"elementor-image-box-content\"><h3 class=\"elementor-image-box-title\">Finansowanie<\/h3><p class=\"elementor-image-box-description\">Nasi doradcy ch\u0119tnie pomog\u0105 Ci w wyborze najkorzystniejszej opcji finansowania przy zakupie Twojej komory.<\/p><\/div><\/div>\t\t<\/div>\n\t\t\t\t<\/div>\n\t\t\t\t<div class=\"elementor-element elementor-element-8c576e8 elementor-align-center elementor-invisible elementor-widget elementor-widget-button\" data-id=\"8c576e8\" data-element_type=\"widget\" data-settings=\"{&quot;_animation&quot;:&quot;fadeInDown&quot;}\" data-widget_type=\"button.default\">\n\t\t\t\t<div class=\"elementor-widget-container\">\n\t\t\t\t\t<div class=\"elementor-button-wrapper\">\n\t\t\t<a class=\"elementor-button elementor-button-link elementor-size-sm elementor-animation-sink\" href=\"https:\/\/oxymatic.lobostudio.pl\/pl\/finansowanie\/\">\n\t\t\t\t\t\t<span class=\"elementor-button-content-wrapper\">\n\t\t\t\t\t\t<span class=\"elementor-button-text\">Sprawd\u017a<\/span>\n\t\t<\/span>\n\t\t\t\t\t<\/a>\n\t\t<\/div>\n\t\t\t\t<\/div>\n\t\t\t\t<\/div>\n\t\t\t\t<\/div>\n\t\t\t\t<\/div>\n\t\t\t\t<\/div>\n\t\t\t\t<\/div>\n\t\t<div class=\"elementor-element elementor-element-847b4d4 e-flex e-con-boxed e-con e-parent\" data-id=\"847b4d4\" data-element_type=\"container\" data-settings=\"{&quot;container_type&quot;:&quot;flex&quot;,&quot;content_width&quot;:&quot;boxed&quot;}\" data-core-v316-plus=\"true\">\n\t\t\t\t\t<div class=\"e-con-inner\">\n\t\t<div class=\"elementor-element elementor-element-60f6b96 e-flex e-con-boxed e-con e-child\" data-id=\"60f6b96\" data-element_type=\"container\" data-settings=\"{&quot;background_background&quot;:&quot;classic&quot;,&quot;container_type&quot;:&quot;flex&quot;,&quot;content_width&quot;:&quot;boxed&quot;}\">\n\t\t\t\t\t<div class=\"e-con-inner\">\n\t\t\t\t<div class=\"elementor-element elementor-element-5b24dac elementor-widget elementor-widget-text-editor\" data-id=\"5b24dac\" data-element_type=\"widget\" data-widget_type=\"text-editor.default\">\n\t\t\t\t<div class=\"elementor-widget-container\">\n\t\t\t\t\t\t\t<h2>Wiemy, \u017ce w dzisiejszym dynamicznym \u015bwiecie biznesowym, prowadzenie przedsi\u0119biorstwa wymaga kompleksowej opieki na ka\u017cdym etapie. Nasza firma doskonale rozumie, \u017ce sukces firmy nie zale\u017cy tylko od samego produktu czy us\u0142ugi, ale tak\u017ce od wsparcia, jakie otrzymuj\u0105 Pa\u0144stwo od partner\u00f3w biznesowych.<\/h2>\t\t\t\t\t\t<\/div>\n\t\t\t\t<\/div>\n\t\t\t\t<div class=\"elementor-element elementor-element-ae4040d elementor-widget elementor-widget-text-editor\" data-id=\"ae4040d\" data-element_type=\"widget\" data-widget_type=\"text-editor.default\">\n\t\t\t\t<div class=\"elementor-widget-container\">\n\t\t\t\t\t\t\t<p style=\"line-height: 108%; text-indent: 1.25cm; margin-bottom: 0.28cm;\" align=\"justify\"><span style=\"color: var( --e-global-color-text ); font-family: var( --e-global-typography-text-font-family ), Sans-serif; font-size: 12pt; font-style: var( --e-global-typography-text-font-style ); font-weight: var( --e-global-typography-text-font-weight ); letter-spacing: var( --e-global-typography-text-letter-spacing ); text-transform: var( --e-global-typography-text-text-transform ); word-spacing: var( --e-global-typography-text-word-spacing ); text-align: var(--text-align); background-color: var( --e-global-color-9042db2 );\">W Oxymatic\u00ae<\/span> <span style=\"color: var( --e-global-color-text ); font-family: var( --e-global-typogW Oxymatic\u00ae pragniemy zapewni\u0107 pe\u0142ne wsparcie dla Twojego biznesu od momentu podj\u0119cia wsp\u00f3\u0142pracy a\u017c do osi\u0105gni\u0119cia sukcesu na rynku. Nasza oferta;\">pragniemy zapewni\u0107 pe\u0142ne wsparcie dla Twojego biznesu od momentu podj\u0119cia wsp\u00f3\u0142pracy a\u017c do osi\u0105gni\u0119cia sukcesu na rynku. Nasza oferta &#8220;od A do Z&#8221; obejmuje szeroki zakres us\u0142ug, kt\u00f3re maj\u0105 na celu u\u0142atwienie prowadzenia dzia\u0142alno\u015bci zwi\u0105zanej z \u0142agodnymi komorami hiperbarycznymi.<\/span><\/p>\n<p style=\"line-height: 108%; margin-bottom: 0.28cm;\" align=\"justify\"><span style=\"font-size: 12pt;\">Na pocz\u0105tku nasi doradcy pomog\u0105 Ci wybra\u0107 komor\u0119 Oxymatic\u00ae dostosowan\u0105 do Twoich potrzeb oraz wybra\u0107 najkorzystniejsz\u0105 form\u0119 finansowania. Nasi serwisanci zajm\u0105 si\u0119 monta\u017cem oraz pod\u0142\u0105czeniem komory u Ciebie, natomiast nasi szkoleniowcy wyt\u0142umacz\u0105, jak korzysta\u0107 z Twojej komory Oxymatic\u00ae. Otrzymaj\u0105 r\u00f3wnie\u017c Pa\u0144stwo materia\u0142y promocyjne oraz wskaz\u00f3wki, jak przyci\u0105gn\u0105\u0107 uwag\u0119 klient\u00f3w i efektywnie promowa\u0107 swoj\u0105 dzia\u0142alno\u015b\u0107 z wykorzystaniem kom\u00f3r hiperbarycznych Oxymatic\u00ae. Nasz zesp\u00f3\u0142 zawsze jest gotowy odpowiedzie\u0107 na wszelkie Twoje pytania i zapewni\u0107 ci\u0105g\u0142\u0105 pomoc techniczn\u0105 oraz doradztwo.<\/span><\/p>\n<p style=\"line-height: 108%; margin-bottom: 0.28cm;\" align=\"justify\"><span style=\"font-size: 12pt;\">Dzi\u0119ki naszemu kompleksowemu podej\u015bciu do wsp\u00f3\u0142pracy, mo\u017cesz by\u0107 pewien, \u017ce Twoje przedsi\u0119biorstwo b\u0119dzie mia\u0142o niezb\u0119dne wsparcie na ka\u017cdym etapie rozwoju. Razem z Oxymatic\u00ae mo\u017cemy osi\u0105gn\u0105\u0107 sukces na rynku kom\u00f3r hiperbarycznych i zapewni\u0107 Twoim klientom najwy\u017csz\u0105 jako\u015b\u0107 i innowacyjne rozwi\u0105zania.<\/span><\/p>\t\t\t\t\t\t<\/div>\n\t\t\t\t<\/div>\n\t\t\t\t\t<\/div>\n\t\t\t\t<\/div>\n\t\t\t\t\t<\/div>\n\t\t\t\t<\/div>\n\t\t\t\t\t\t\t<\/div>\n\t\t","protected":false},"excerpt":{"rendered":"<p>Wsparcie Twojego biznesu Oferujemy kompleksowe us\u0142ugi wspieraj\u0105ce naszych klient\u00f3w. Szkolenia Nasi specjali\u015bci poprowadz\u0105 szkolenie z obs\u0142ugi komory u Ciebie. Mo\u017cesz liczy\u0107 r\u00f3wnie\u017c na pomoc w zakresie marketingu Sprawd\u017a Serwis Nasi Serwisanci zamontuj\u0105 komor\u0119 u Ciebie i przeprowadz\u0105 testy. Dojad\u0105 do Ciebie w razie potrzeby, a tak\u017ce dokonaj\u0105 przegl\u0105d\u00f3w. Sprawd\u017a Finansowanie Nasi doradcy ch\u0119tnie pomog\u0105 Ci [&hellip;]<\/p>\n","protected":false},"author":1,"featured_media":0,"parent":0,"menu_order":0,"comment_status":"closed","ping_status":"closed","template":"elementor_header_footer","meta":{"_acf_changed":false,"inline_featured_image":false,"footnotes":""},"class_list":["post-1590","page","type-page","status-publish","hentry"],"acf":[],"yoast_head":"<!-- This site is optimized with the Yoast SEO plugin v22.4 - https:\/\/yoast.com\/wordpress\/plugins\/seo\/ -->\n<title>Wsparcie - Oxymatic<\/title>\n<meta name=\"robots\" content=\"index, follow, max-snippet:-1, max-image-preview:large, max-video-preview:-1\" \/>\n<link rel=\"canonical\" href=\"https:\/\/oxymatic.lobostudio.pl\/en\/wsparcie\/\" \/>\n<meta property=\"og:locale\" content=\"pl_PL\" \/>\n<meta property=\"og:type\" content=\"article\" \/>\n<meta property=\"og:title\" content=\"Wsparcie - Oxymatic\" \/>\n<meta property=\"og:description\" content=\"Wsparcie Twojego biznesu Oferujemy kompleksowe us\u0142ugi wspieraj\u0105ce naszych klient\u00f3w. Szkolenia Nasi specjali\u015bci poprowadz\u0105 szkolenie z obs\u0142ugi komory u Ciebie. Mo\u017cesz liczy\u0107 r\u00f3wnie\u017c na pomoc w zakresie marketingu Sprawd\u017a Serwis Nasi Serwisanci zamontuj\u0105 komor\u0119 u Ciebie i przeprowadz\u0105 testy. Dojad\u0105 do Ciebie w razie potrzeby, a tak\u017ce dokonaj\u0105 przegl\u0105d\u00f3w. Sprawd\u017a Finansowanie Nasi doradcy ch\u0119tnie pomog\u0105 Ci [&hellip;]\" \/>\n<meta property=\"og:url\" content=\"https:\/\/oxymatic.lobostudio.pl\/en\/wsparcie\/\" \/>\n<meta property=\"og:site_name\" content=\"Oxymatic\" \/>\n<meta property=\"article:publisher\" content=\"https:\/\/www.facebook.com\/p\/Oxymatic-61558663586440\/\" \/>\n<meta property=\"article:modified_time\" content=\"2024-08-07T09:24:50+00:00\" \/>\n<meta property=\"og:image\" content=\"https:\/\/oxymatic.lobostudio.pl\/wp-content\/uploads\/2024\/02\/szkolenie-white.svg\" \/>\n<meta name=\"twitter:card\" content=\"summary_large_image\" \/>\n<meta name=\"twitter:label1\" content=\"Szacowany czas czytania\" \/>\n\t<meta name=\"twitter:data1\" content=\"2 minuty\" \/>\n<script type=\"application\/ld+json\" class=\"yoast-schema-graph\">{\"@context\":\"https:\/\/schema.org\",\"@graph\":[{\"@type\":\"WebPage\",\"@id\":\"https:\/\/oxymatic.lobostudio.pl\/en\/wsparcie\/\",\"url\":\"https:\/\/oxymatic.lobostudio.pl\/en\/wsparcie\/\",\"name\":\"Wsparcie - Oxymatic\",\"isPartOf\":{\"@id\":\"https:\/\/www.oxymatic.lobostudio.pl\/en\/#website\"},\"primaryImageOfPage\":{\"@id\":\"https:\/\/oxymatic.lobostudio.pl\/en\/wsparcie\/#primaryimage\"},\"image\":{\"@id\":\"https:\/\/oxymatic.lobostudio.pl\/en\/wsparcie\/#primaryimage\"},\"thumbnailUrl\":\"https:\/\/oxymatic.lobostudio.pl\/wp-content\/uploads\/2024\/02\/szkolenie-white.svg\",\"datePublished\":\"2024-04-10T06:57:33+00:00\",\"dateModified\":\"2024-08-07T09:24:50+00:00\",\"breadcrumb\":{\"@id\":\"https:\/\/oxymatic.lobostudio.pl\/en\/wsparcie\/#breadcrumb\"},\"inLanguage\":\"pl-PL\",\"potentialAction\":[{\"@type\":\"ReadAction\",\"target\":[\"https:\/\/oxymatic.lobostudio.pl\/en\/wsparcie\/\"]}]},{\"@type\":\"ImageObject\",\"inLanguage\":\"pl-PL\",\"@id\":\"https:\/\/oxymatic.lobostudio.pl\/en\/wsparcie\/#primaryimage\",\"url\":\"https:\/\/oxymatic.lobostudio.pl\/wp-content\/uploads\/2024\/02\/szkolenie-white.svg\",\"contentUrl\":\"https:\/\/oxymatic.lobostudio.pl\/wp-content\/uploads\/2024\/02\/szkolenie-white.svg\"},{\"@type\":\"BreadcrumbList\",\"@id\":\"https:\/\/oxymatic.lobostudio.pl\/en\/wsparcie\/#breadcrumb\",\"itemListElement\":[{\"@type\":\"ListItem\",\"position\":1,\"name\":\"Home\",\"item\":\"https:\/\/oxymatic.lobostudio.pl\/pl\/\"},{\"@type\":\"ListItem\",\"position\":2,\"name\":\"Wsparcie\"}]},{\"@type\":\"WebSite\",\"@id\":\"https:\/\/www.oxymatic.lobostudio.pl\/en\/#website\",\"url\":\"https:\/\/www.oxymatic.lobostudio.pl\/en\/\",\"name\":\"Oxymatic - komory hiperbaryczne\",\"description\":\"komory hiperbaryczne mHBOT\",\"publisher\":{\"@id\":\"https:\/\/www.oxymatic.lobostudio.pl\/en\/#organization\"},\"potentialAction\":[{\"@type\":\"SearchAction\",\"target\":{\"@type\":\"EntryPoint\",\"urlTemplate\":\"https:\/\/www.oxymatic.lobostudio.pl\/en\/?s={search_term_string}\"},\"query-input\":\"required name=search_term_string\"}],\"inLanguage\":\"pl-PL\"},{\"@type\":\"Organization\",\"@id\":\"https:\/\/www.oxymatic.lobostudio.pl\/en\/#organization\",\"name\":\"Oxymatic\",\"url\":\"https:\/\/www.oxymatic.lobostudio.pl\/en\/\",\"logo\":{\"@type\":\"ImageObject\",\"inLanguage\":\"pl-PL\",\"@id\":\"https:\/\/www.oxymatic.lobostudio.pl\/en\/#\/schema\/logo\/image\/\",\"url\":\"https:\/\/oxymatic.lobostudio.pl\/wp-content\/uploads\/2023\/12\/Oxymatic-logo-green-1.svg\",\"contentUrl\":\"https:\/\/oxymatic.lobostudio.pl\/wp-content\/uploads\/2023\/12\/Oxymatic-logo-green-1.svg\",\"width\":195,\"height\":43,\"caption\":\"Oxymatic\"},\"image\":{\"@id\":\"https:\/\/www.oxymatic.lobostudio.pl\/en\/#\/schema\/logo\/image\/\"},\"sameAs\":[\"https:\/\/www.facebook.com\/p\/Oxymatic-61558663586440\/\"]}]}<\/script>\n<!-- \/ Yoast SEO plugin. -->","yoast_head_json":{"title":"Wsparcie - Oxymatic","robots":{"index":"index","follow":"follow","max-snippet":"max-snippet:-1","max-image-preview":"max-image-preview:large","max-video-preview":"max-video-preview:-1"},"canonical":"https:\/\/oxymatic.lobostudio.pl\/en\/wsparcie\/","og_locale":"pl_PL","og_type":"article","og_title":"Wsparcie - Oxymatic","og_description":"Wsparcie Twojego biznesu Oferujemy kompleksowe us\u0142ugi wspieraj\u0105ce naszych klient\u00f3w. Szkolenia Nasi specjali\u015bci poprowadz\u0105 szkolenie z obs\u0142ugi komory u Ciebie. Mo\u017cesz liczy\u0107 r\u00f3wnie\u017c na pomoc w zakresie marketingu Sprawd\u017a Serwis Nasi Serwisanci zamontuj\u0105 komor\u0119 u Ciebie i przeprowadz\u0105 testy. Dojad\u0105 do Ciebie w razie potrzeby, a tak\u017ce dokonaj\u0105 przegl\u0105d\u00f3w. Sprawd\u017a Finansowanie Nasi doradcy ch\u0119tnie pomog\u0105 Ci [&hellip;]","og_url":"https:\/\/oxymatic.lobostudio.pl\/en\/wsparcie\/","og_site_name":"Oxymatic","article_publisher":"https:\/\/www.facebook.com\/p\/Oxymatic-61558663586440\/","article_modified_time":"2024-08-07T09:24:50+00:00","og_image":[{"url":"https:\/\/oxymatic.lobostudio.pl\/wp-content\/uploads\/2024\/02\/szkolenie-white.svg"}],"twitter_card":"summary_large_image","twitter_misc":{"Szacowany czas czytania":"2 minuty"},"schema":{"@context":"https:\/\/schema.org","@graph":[{"@type":"WebPage","@id":"https:\/\/oxymatic.lobostudio.pl\/en\/wsparcie\/","url":"https:\/\/oxymatic.lobostudio.pl\/en\/wsparcie\/","name":"Wsparcie - Oxymatic","isPartOf":{"@id":"https:\/\/www.oxymatic.lobostudio.pl\/en\/#website"},"primaryImageOfPage":{"@id":"https:\/\/oxymatic.lobostudio.pl\/en\/wsparcie\/#primaryimage"},"image":{"@id":"https:\/\/oxymatic.lobostudio.pl\/en\/wsparcie\/#primaryimage"},"thumbnailUrl":"https:\/\/oxymatic.lobostudio.pl\/wp-content\/uploads\/2024\/02\/szkolenie-white.svg","datePublished":"2024-04-10T06:57:33+00:00","dateModified":"2024-08-07T09:24:50+00:00","breadcrumb":{"@id":"https:\/\/oxymatic.lobostudio.pl\/en\/wsparcie\/#breadcrumb"},"inLanguage":"pl-PL","potentialAction":[{"@type":"ReadAction","target":["https:\/\/oxymatic.lobostudio.pl\/en\/wsparcie\/"]}]},{"@type":"ImageObject","inLanguage":"pl-PL","@id":"https:\/\/oxymatic.lobostudio.pl\/en\/wsparcie\/#primaryimage","url":"https:\/\/oxymatic.lobostudio.pl\/wp-content\/uploads\/2024\/02\/szkolenie-white.svg","contentUrl":"https:\/\/oxymatic.lobostudio.pl\/wp-content\/uploads\/2024\/02\/szkolenie-white.svg"},{"@type":"BreadcrumbList","@id":"https:\/\/oxymatic.lobostudio.pl\/en\/wsparcie\/#breadcrumb","itemListElement":[{"@type":"ListItem","position":1,"name":"Home","item":"https:\/\/oxymatic.lobostudio.pl\/pl\/"},{"@type":"ListItem","position":2,"name":"Wsparcie"}]},{"@type":"WebSite","@id":"https:\/\/www.oxymatic.lobostudio.pl\/en\/#website","url":"https:\/\/www.oxymatic.lobostudio.pl\/en\/","name":"Oxymatic - komory hiperbaryczne","description":"komory hiperbaryczne mHBOT","publisher":{"@id":"https:\/\/www.oxymatic.lobostudio.pl\/en\/#organization"},"potentialAction":[{"@type":"SearchAction","target":{"@type":"EntryPoint","urlTemplate":"https:\/\/www.oxymatic.lobostudio.pl\/en\/?s={search_term_string}"},"query-input":"required name=search_term_string"}],"inLanguage":"pl-PL"},{"@type":"Organization","@id":"https:\/\/www.oxymatic.lobostudio.pl\/en\/#organization","name":"Oxymatic","url":"https:\/\/www.oxymatic.lobostudio.pl\/en\/","logo":{"@type":"ImageObject","inLanguage":"pl-PL","@id":"https:\/\/www.oxymatic.lobostudio.pl\/en\/#\/schema\/logo\/image\/","url":"https:\/\/oxymatic.lobostudio.pl\/wp-content\/uploads\/2023\/12\/Oxymatic-logo-green-1.svg","contentUrl":"https:\/\/oxymatic.lobostudio.pl\/wp-content\/uploads\/2023\/12\/Oxymatic-logo-green-1.svg","width":195,"height":43,"caption":"Oxymatic"},"image":{"@id":"https:\/\/www.oxymatic.lobostudio.pl\/en\/#\/schema\/logo\/image\/"},"sameAs":["https:\/\/www.facebook.com\/p\/Oxymatic-61558663586440\/"]}]}},"_links":{"self":[{"href":"https:\/\/oxymatic.lobostudio.pl\/pl\/wp-json\/wp\/v2\/pages\/1590","targetHints":{"allow":["GET"]}}],"collection":[{"href":"https:\/\/oxymatic.lobostudio.pl\/pl\/wp-json\/wp\/v2\/pages"}],"about":[{"href":"https:\/\/oxymatic.lobostudio.pl\/pl\/wp-json\/wp\/v2\/types\/page"}],"author":[{"embeddable":true,"href":"https:\/\/oxymatic.lobostudio.pl\/pl\/wp-json\/wp\/v2\/users\/1"}],"replies":[{"embeddable":true,"href":"https:\/\/oxymatic.lobostudio.pl\/pl\/wp-json\/wp\/v2\/comments?post=1590"}],"version-history":[{"count":22,"href":"https:\/\/oxymatic.lobostudio.pl\/pl\/wp-json\/wp\/v2\/pages\/1590\/revisions"}],"predecessor-version":[{"id":2741,"href":"https:\/\/oxymatic.lobostudio.pl\/pl\/wp-json\/wp\/v2\/pages\/1590\/revisions\/2741"}],"wp:attachment":[{"href":"https:\/\/oxymatic.lobostudio.pl\/pl\/wp-json\/wp\/v2\/media?parent=1590"}],"curies":[{"name":"wp","href":"https:\/\/api.w.org\/{rel}","templated":true}]}}