{"id":979,"date":"2024-03-29T16:26:10","date_gmt":"2024-03-29T16:26:10","guid":{"rendered":"https:\/\/oxymatic.lobostudio.pl:443\/?page_id=979"},"modified":"2025-02-18T10:06:57","modified_gmt":"2025-02-18T10:06:57","slug":"finansowanie","status":"publish","type":"page","link":"https:\/\/oxymatic.lobostudio.pl\/pl\/finansowanie\/","title":{"rendered":"finansowanie"},"content":{"rendered":"\t\t<div data-elementor-type=\"wp-page\" data-elementor-id=\"979\" class=\"elementor elementor-979\" data-elementor-post-type=\"page\">\n\t\t\t\t\t\t\t<div class=\"elementor-element elementor-element-c2e1d3e e-flex e-con-boxed e-con e-child\" data-id=\"c2e1d3e\" data-element_type=\"container\" data-settings=\"{&quot;background_background&quot;:&quot;classic&quot;,&quot;shape_divider_bottom&quot;:&quot;mountains&quot;,&quot;container_type&quot;:&quot;flex&quot;,&quot;content_width&quot;:&quot;boxed&quot;}\">\n\t\t\t\t\t<div class=\"e-con-inner\">\n\t\t\t\t<div class=\"elementor-shape elementor-shape-bottom\" data-negative=\"false\">\n\t\t\t<svg xmlns=\"http:\/\/www.w3.org\/2000\/svg\" viewBox=\"0 0 1000 100\" preserveAspectRatio=\"none\">\n\t<path class=\"elementor-shape-fill\" opacity=\"0.33\" d=\"M473,67.3c-203.9,88.3-263.1-34-320.3,0C66,119.1,0,59.7,0,59.7V0h1000v59.7 c0,0-62.1,26.1-94.9,29.3c-32.8,3.3-62.8-12.3-75.8-22.1C806,49.6,745.3,8.7,694.9,4.7S492.4,59,473,67.3z\"\/>\n\t<path class=\"elementor-shape-fill\" opacity=\"0.66\" d=\"M734,67.3c-45.5,0-77.2-23.2-129.1-39.1c-28.6-8.7-150.3-10.1-254,39.1 s-91.7-34.4-149.2,0C115.7,118.3,0,39.8,0,39.8V0h1000v36.5c0,0-28.2-18.5-92.1-18.5C810.2,18.1,775.7,67.3,734,67.3z\"\/>\n\t<path class=\"elementor-shape-fill\" d=\"M766.1,28.9c-200-57.5-266,65.5-395.1,19.5C242,1.8,242,5.4,184.8,20.6C128,35.8,132.3,44.9,89.9,52.5C28.6,63.7,0,0,0,0 h1000c0,0-9.9,40.9-83.6,48.1S829.6,47,766.1,28.9z\"\/>\n<\/svg>\t\t<\/div>\n\t\t\t\t<div class=\"elementor-element elementor-element-d43897f elementor-absolute elementor-widget__width-initial elementor-invisible elementor-widget elementor-widget-heading\" data-id=\"d43897f\" data-element_type=\"widget\" data-settings=\"{&quot;_position&quot;:&quot;absolute&quot;,&quot;motion_fx_motion_fx_scrolling&quot;:&quot;yes&quot;,&quot;motion_fx_translateY_effect&quot;:&quot;yes&quot;,&quot;_animation&quot;:&quot;fadeIn&quot;,&quot;_animation_delay&quot;:500,&quot;motion_fx_translateY_speed&quot;:{&quot;unit&quot;:&quot;px&quot;,&quot;size&quot;:4,&quot;sizes&quot;:[]},&quot;motion_fx_translateY_affectedRange&quot;:{&quot;unit&quot;:&quot;%&quot;,&quot;size&quot;:&quot;&quot;,&quot;sizes&quot;:{&quot;start&quot;:0,&quot;end&quot;:100}},&quot;motion_fx_devices&quot;:[&quot;desktop&quot;,&quot;tablet&quot;,&quot;mobile&quot;]}\" data-widget_type=\"heading.default\">\n\t\t\t\t<div class=\"elementor-widget-container\">\n\t\t\t<style>\/*! elementor - v3.17.0 - 08-11-2023 *\/\n.elementor-heading-title{padding:0;margin:0;line-height:1}.elementor-widget-heading .elementor-heading-title[class*=elementor-size-]>a{color:inherit;font-size:inherit;line-height:inherit}.elementor-widget-heading .elementor-heading-title.elementor-size-small{font-size:15px}.elementor-widget-heading .elementor-heading-title.elementor-size-medium{font-size:19px}.elementor-widget-heading .elementor-heading-title.elementor-size-large{font-size:29px}.elementor-widget-heading .elementor-heading-title.elementor-size-xl{font-size:39px}.elementor-widget-heading .elementor-heading-title.elementor-size-xxl{font-size:59px}<\/style><h2 class=\"elementor-heading-title elementor-size-default\">FINANSOWANIE<\/h2>\t\t<\/div>\n\t\t\t\t<\/div>\n\t\t<div class=\"elementor-element elementor-element-f64b93c e-con-full e-flex elementor-invisible e-con e-child\" data-id=\"f64b93c\" data-element_type=\"container\" data-settings=\"{&quot;content_width&quot;:&quot;full&quot;,&quot;background_background&quot;:&quot;classic&quot;,&quot;animation&quot;:&quot;fadeInRight&quot;,&quot;container_type&quot;:&quot;flex&quot;}\">\n\t\t\t\t<div class=\"elementor-element elementor-element-d9d513f elementor-widget elementor-widget-heading\" data-id=\"d9d513f\" data-element_type=\"widget\" data-settings=\"{&quot;_animation&quot;:&quot;none&quot;}\" data-widget_type=\"heading.default\">\n\t\t\t\t<div class=\"elementor-widget-container\">\n\t\t\t<h2 class=\"elementor-heading-title elementor-size-default\">FINANSOWANIE<\/h2>\t\t<\/div>\n\t\t\t\t<\/div>\n\t\t\t\t<div class=\"elementor-element elementor-element-3e575c2 elementor-widget__width-initial elementor-widget elementor-widget-text-editor\" data-id=\"3e575c2\" data-element_type=\"widget\" data-widget_type=\"text-editor.default\">\n\t\t\t\t<div class=\"elementor-widget-container\">\n\t\t\t<style>\/*! elementor - v3.17.0 - 08-11-2023 *\/\n.elementor-widget-text-editor.elementor-drop-cap-view-stacked .elementor-drop-cap{background-color:#69727d;color:#fff}.elementor-widget-text-editor.elementor-drop-cap-view-framed .elementor-drop-cap{color:#69727d;border:3px solid;background-color:transparent}.elementor-widget-text-editor:not(.elementor-drop-cap-view-default) .elementor-drop-cap{margin-top:8px}.elementor-widget-text-editor:not(.elementor-drop-cap-view-default) .elementor-drop-cap-letter{width:1em;height:1em}.elementor-widget-text-editor .elementor-drop-cap{float:left;text-align:center;line-height:1;font-size:50px}.elementor-widget-text-editor .elementor-drop-cap-letter{display:inline-block}<\/style>\t\t\t\t<h3><b>Nasi doradcy ch\u0119tnie pomog\u0105 Ci w wyborze najkorzystniejszej opcji finansowania przy zakupie Twojej komory.<\/b><\/h3>\t\t\t\t\t\t<\/div>\n\t\t\t\t<\/div>\n\t\t\t\t<div class=\"elementor-element elementor-element-57b59e6 elementor-widget__width-initial elementor-widget elementor-widget-text-editor\" data-id=\"57b59e6\" data-element_type=\"widget\" data-widget_type=\"text-editor.default\">\n\t\t\t\t<div class=\"elementor-widget-container\">\n\t\t\t\t\t\t\t<p>W Oxymatic\u00ae oferujemy elastyczne opcje finansowania dla klient\u00f3w zainteresowanych inwestycj\u0105 w komor\u0119 hiperbaryczn\u0105, mi\u0119dzy innymi zakup na raty oraz leasing, kt\u00f3re s\u0105 dostosowane do indywidualnych potrzeb i preferencji klient\u00f3w. Zesp\u00f3\u0142 ekspert\u00f3w firmy s\u0142u\u017cy wsparciem w procesie uzyskiwania finansowania, wsp\u00f3\u0142pracuj\u0105c z r\u00f3\u017cnymi instytucjami finansowymi, aby pom\u00f3c w wyborze najlepszej oferty. Celem Oxymatic\u00ae jest umo\u017cliwienie klientom korzystania z korzy\u015bci terapii hiperbarycznej bez obci\u0105\u017cenia finansowego.<\/p>\t\t\t\t\t\t<\/div>\n\t\t\t\t<\/div>\n\t\t\t\t<\/div>\n\t\t\t\t<div class=\"elementor-element elementor-element-f7acdc2 elementor-widget__width-initial elementor-widget-tablet__width-initial elementor-absolute elementor-invisible elementor-widget elementor-widget-image\" data-id=\"f7acdc2\" data-element_type=\"widget\" data-settings=\"{&quot;_position&quot;:&quot;absolute&quot;,&quot;_animation&quot;:&quot;fadeIn&quot;}\" data-widget_type=\"image.default\">\n\t\t\t\t<div class=\"elementor-widget-container\">\n\t\t\t<style>\/*! elementor - v3.17.0 - 08-11-2023 *\/\n.elementor-widget-image{text-align:center}.elementor-widget-image a{display:inline-block}.elementor-widget-image a img[src$=\".svg\"]{width:48px}.elementor-widget-image img{vertical-align:middle;display:inline-block}<\/style>\t\t\t\t\t\t\t\t\t\t\t\t<img fetchpriority=\"high\" decoding=\"async\" width=\"800\" height=\"534\" src=\"https:\/\/oxymatic.lobostudio.pl\/wp-content\/uploads\/2024\/02\/finansowanie-1024x683.webp\" class=\"attachment-large size-large wp-image-544\" alt=\"\" srcset=\"https:\/\/oxymatic.lobostudio.pl\/wp-content\/uploads\/2024\/02\/finansowanie-1024x683.webp 1024w, https:\/\/oxymatic.lobostudio.pl\/wp-content\/uploads\/2024\/02\/finansowanie-300x200.webp 300w, https:\/\/oxymatic.lobostudio.pl\/wp-content\/uploads\/2024\/02\/finansowanie-768x512.webp 768w, https:\/\/oxymatic.lobostudio.pl\/wp-content\/uploads\/2024\/02\/finansowanie-1536x1024.webp 1536w, https:\/\/oxymatic.lobostudio.pl\/wp-content\/uploads\/2024\/02\/finansowanie.webp 1920w\" sizes=\"(max-width: 800px) 100vw, 800px\" \/>\t\t\t\t\t\t\t\t\t\t\t\t\t\t\t<\/div>\n\t\t\t\t<\/div>\n\t\t\t\t\t<\/div>\n\t\t\t\t<\/div>\n\t\t<div class=\"elementor-element elementor-element-3a85399 e-flex e-con-boxed e-con e-child\" data-id=\"3a85399\" data-element_type=\"container\" data-settings=\"{&quot;background_background&quot;:&quot;classic&quot;,&quot;container_type&quot;:&quot;flex&quot;,&quot;content_width&quot;:&quot;boxed&quot;}\">\n\t\t\t\t\t<div class=\"e-con-inner\">\n\t\t<div class=\"elementor-element elementor-element-b2c98a6 e-flex e-con-boxed e-con e-child\" data-id=\"b2c98a6\" data-element_type=\"container\" data-settings=\"{&quot;background_background&quot;:&quot;classic&quot;,&quot;container_type&quot;:&quot;flex&quot;,&quot;content_width&quot;:&quot;boxed&quot;}\">\n\t\t\t\t\t<div class=\"e-con-inner\">\n\t\t\t\t<div class=\"elementor-element elementor-element-0c1a7d6 elementor-widget elementor-widget-heading\" data-id=\"0c1a7d6\" data-element_type=\"widget\" data-widget_type=\"heading.default\">\n\t\t\t\t<div class=\"elementor-widget-container\">\n\t\t\t<h2 class=\"elementor-heading-title elementor-size-default\">Elastyczne opcje finansowania w Oxymatic<sup>\u00ae <\/h2>\t\t<\/div>\n\t\t\t\t<\/div>\n\t\t\t\t<div class=\"elementor-element elementor-element-303292f elementor-widget elementor-widget-text-editor\" data-id=\"303292f\" data-element_type=\"widget\" data-widget_type=\"text-editor.default\">\n\t\t\t\t<div class=\"elementor-widget-container\">\n\t\t\t\t\t\t\t<p align=\"justify\">W Oxymatic\u00ae rozumiemy, \u017ce inwestycja w komor\u0119 hiperbaryczn\u0105 jest wa\u017cn\u0105 decyzj\u0105, dlatego chc\u0105c u\u0142atwi\u0107 Ci ten proces, oferujemy elastyczne opcje finansowania. Naszym celem jest, aby\u015b mia\u0142 dost\u0119p do korzystania z zalet tlenoterapii hiperbarycznej, bez wzgl\u0119du na Twoje indywidualne mo\u017cliwo\u015bci finansowe.<\/p>\t\t\t\t\t\t<\/div>\n\t\t\t\t<\/div>\n\t\t\t\t\t<\/div>\n\t\t\t\t<\/div>\n\t\t<div class=\"elementor-element elementor-element-d749fd8 e-flex e-con-boxed e-con e-child\" data-id=\"d749fd8\" data-element_type=\"container\" data-settings=\"{&quot;background_background&quot;:&quot;classic&quot;,&quot;container_type&quot;:&quot;flex&quot;,&quot;content_width&quot;:&quot;boxed&quot;}\">\n\t\t\t\t\t<div class=\"e-con-inner\">\n\t\t\t\t<div class=\"elementor-element elementor-element-a27968a elementor-widget elementor-widget-heading\" data-id=\"a27968a\" data-element_type=\"widget\" data-widget_type=\"heading.default\">\n\t\t\t\t<div class=\"elementor-widget-container\">\n\t\t\t<h2 class=\"elementor-heading-title elementor-size-default\">Zakup na raty i leasing \u2013 dopasowane do Twoich potrzeb<\/h2>\t\t<\/div>\n\t\t\t\t<\/div>\n\t\t\t\t<div class=\"elementor-element elementor-element-bfbdbb9 elementor-widget elementor-widget-text-editor\" data-id=\"bfbdbb9\" data-element_type=\"widget\" data-widget_type=\"text-editor.default\">\n\t\t\t\t<div class=\"elementor-widget-container\">\n\t\t\t\t\t\t\t<p align=\"justify\">Oferujemy r\u00f3\u017cnorodne opcje finansowania, w tym zakup na raty oraz leasing. Rozumiemy, \u017ce ka\u017cdy klient ma unikalne potrzeby i preferencje, dlatego wsp\u00f3\u0142pracujemy z zaufanymi partnerami finansowymi, aby pom\u00f3c Ci znale\u017a\u0107 najkorzystniejsz\u0105 form\u0119 finansowania. Nasza rola nie ko\u0144czy si\u0119 na sprzeda\u017cy sprz\u0119tu \u2013 jeste\u015bmy tu, aby wspiera\u0107 Ci\u0119 na ka\u017cdym etapie procesu zakupu.<\/p>\t\t\t\t\t\t<\/div>\n\t\t\t\t<\/div>\n\t\t\t\t\t<\/div>\n\t\t\t\t<\/div>\n\t\t<div class=\"elementor-element elementor-element-7a7d683 e-flex e-con-boxed e-con e-child\" data-id=\"7a7d683\" data-element_type=\"container\" data-settings=\"{&quot;background_background&quot;:&quot;classic&quot;,&quot;container_type&quot;:&quot;flex&quot;,&quot;content_width&quot;:&quot;boxed&quot;}\">\n\t\t\t\t\t<div class=\"e-con-inner\">\n\t\t\t\t<div class=\"elementor-element elementor-element-9eb9ee7 elementor-widget elementor-widget-heading\" data-id=\"9eb9ee7\" data-element_type=\"widget\" data-widget_type=\"heading.default\">\n\t\t\t\t<div class=\"elementor-widget-container\">\n\t\t\t<h2 class=\"elementor-heading-title elementor-size-default\">Pomoc w uzyskaniu finansowania<\/h2>\t\t<\/div>\n\t\t\t\t<\/div>\n\t\t\t\t<div class=\"elementor-element elementor-element-69183f1 elementor-widget elementor-widget-text-editor\" data-id=\"69183f1\" data-element_type=\"widget\" data-widget_type=\"text-editor.default\">\n\t\t\t\t<div class=\"elementor-widget-container\">\n\t\t\t\t\t\t\t<p align=\"justify\">Nasz zesp\u00f3\u0142 ekspert\u00f3w pomo\u017ce Ci przej\u015b\u0107 przez ca\u0142y proces uzyskiwania finansowania, czy to przez zakup na raty, czy leasing. Wsp\u00f3\u0142pracujemy z r\u00f3\u017cnymi instytucjami finansowymi, aby zapewni\u0107 Ci dost\u0119p do najlepszych dost\u0119pnych ofert. Naszym zadaniem jest u\u0142atwienie Ci podj\u0119cie decyzji i zapewnienie, \u017ce ca\u0142y proces przebiegnie sprawnie i bezproblemowo.<\/p>\t\t\t\t\t\t<\/div>\n\t\t\t\t<\/div>\n\t\t\t\t\t<\/div>\n\t\t\t\t<\/div>\n\t\t<div class=\"elementor-element elementor-element-e5bde26 e-flex e-con-boxed e-con e-child\" data-id=\"e5bde26\" data-element_type=\"container\" data-settings=\"{&quot;background_background&quot;:&quot;classic&quot;,&quot;container_type&quot;:&quot;flex&quot;,&quot;content_width&quot;:&quot;boxed&quot;}\">\n\t\t\t\t\t<div class=\"e-con-inner\">\n\t\t\t\t<div class=\"elementor-element elementor-element-c2f91b3 elementor-widget elementor-widget-text-editor\" data-id=\"c2f91b3\" data-element_type=\"widget\" data-widget_type=\"text-editor.default\">\n\t\t\t\t<div class=\"elementor-widget-container\">\n\t\t\t\t\t\t\t<h4 style=\"line-height: 108%; margin-bottom: 0.28cm;\" align=\"justify\">Wyb\u00f3r odpowiedniej opcji finansowania to kluczowy krok w drodze do korzystania z terapii hiperbarycznej. W Oxymatic\u00ae jeste\u015bmy zobowi\u0105zani do pomocy w znalezieniu najlepszego rozwi\u0105zania, kt\u00f3re pozwoli Ci cieszy\u0107 si\u0119 korzy\u015bciami naszych kom\u00f3r hiperbarycznych bez obci\u0105\u017cenia finansowego.<\/h4>\t\t\t\t\t\t<\/div>\n\t\t\t\t<\/div>\n\t\t\t\t\t<\/div>\n\t\t\t\t<\/div>\n\t\t\t\t\t<\/div>\n\t\t\t\t<\/div>\n\t\t\t\t\t\t\t<\/div>\n\t\t","protected":false},"excerpt":{"rendered":"<p>FINANSOWANIE FINANSOWANIE Nasi doradcy ch\u0119tnie pomog\u0105 Ci w wyborze najkorzystniejszej opcji finansowania przy zakupie Twojej komory. W Oxymatic\u00ae oferujemy elastyczne opcje finansowania dla klient\u00f3w zainteresowanych inwestycj\u0105 w komor\u0119 hiperbaryczn\u0105, mi\u0119dzy innymi zakup na raty oraz leasing, kt\u00f3re s\u0105 dostosowane do indywidualnych potrzeb i preferencji klient\u00f3w. Zesp\u00f3\u0142 ekspert\u00f3w firmy s\u0142u\u017cy wsparciem w procesie uzyskiwania finansowania, wsp\u00f3\u0142pracuj\u0105c [&hellip;]<\/p>\n","protected":false},"author":1,"featured_media":0,"parent":0,"menu_order":0,"comment_status":"closed","ping_status":"closed","template":"elementor_header_footer","meta":{"_acf_changed":false,"inline_featured_image":false,"footnotes":""},"class_list":["post-979","page","type-page","status-publish","hentry"],"acf":[],"yoast_head":"<!-- This site is optimized with the Yoast SEO plugin v22.4 - https:\/\/yoast.com\/wordpress\/plugins\/seo\/ -->\n<title>finansowanie - Oxymatic<\/title>\n<meta name=\"robots\" content=\"index, follow, max-snippet:-1, max-image-preview:large, max-video-preview:-1\" \/>\n<link rel=\"canonical\" href=\"https:\/\/oxymatic.lobostudio.pl\/en\/financing\/\" \/>\n<meta property=\"og:locale\" content=\"pl_PL\" \/>\n<meta property=\"og:type\" content=\"article\" \/>\n<meta property=\"og:title\" content=\"finansowanie - Oxymatic\" \/>\n<meta property=\"og:description\" content=\"FINANSOWANIE FINANSOWANIE Nasi doradcy ch\u0119tnie pomog\u0105 Ci w wyborze najkorzystniejszej opcji finansowania przy zakupie Twojej komory. W Oxymatic\u00ae oferujemy elastyczne opcje finansowania dla klient\u00f3w zainteresowanych inwestycj\u0105 w komor\u0119 hiperbaryczn\u0105, mi\u0119dzy innymi zakup na raty oraz leasing, kt\u00f3re s\u0105 dostosowane do indywidualnych potrzeb i preferencji klient\u00f3w. Zesp\u00f3\u0142 ekspert\u00f3w firmy s\u0142u\u017cy wsparciem w procesie uzyskiwania finansowania, wsp\u00f3\u0142pracuj\u0105c [&hellip;]\" \/>\n<meta property=\"og:url\" content=\"https:\/\/oxymatic.lobostudio.pl\/en\/financing\/\" \/>\n<meta property=\"og:site_name\" content=\"Oxymatic\" \/>\n<meta property=\"article:publisher\" content=\"https:\/\/www.facebook.com\/p\/Oxymatic-61558663586440\/\" \/>\n<meta property=\"article:modified_time\" content=\"2025-02-18T10:06:57+00:00\" \/>\n<meta property=\"og:image\" content=\"https:\/\/oxymatic.lobostudio.pl\/wp-content\/uploads\/2024\/02\/finansowanie-1024x683.webp\" \/>\n<meta name=\"twitter:card\" content=\"summary_large_image\" \/>\n<meta name=\"twitter:label1\" content=\"Szacowany czas czytania\" \/>\n\t<meta name=\"twitter:data1\" content=\"2 minuty\" \/>\n<script type=\"application\/ld+json\" class=\"yoast-schema-graph\">{\"@context\":\"https:\/\/schema.org\",\"@graph\":[{\"@type\":\"WebPage\",\"@id\":\"https:\/\/oxymatic.lobostudio.pl\/en\/financing\/\",\"url\":\"https:\/\/oxymatic.lobostudio.pl\/en\/financing\/\",\"name\":\"finansowanie - Oxymatic\",\"isPartOf\":{\"@id\":\"https:\/\/www.oxymatic.lobostudio.pl\/en\/#website\"},\"primaryImageOfPage\":{\"@id\":\"https:\/\/oxymatic.lobostudio.pl\/en\/financing\/#primaryimage\"},\"image\":{\"@id\":\"https:\/\/oxymatic.lobostudio.pl\/en\/financing\/#primaryimage\"},\"thumbnailUrl\":\"https:\/\/oxymatic.lobostudio.pl\/wp-content\/uploads\/2024\/02\/finansowanie-1024x683.webp\",\"datePublished\":\"2024-03-29T16:26:10+00:00\",\"dateModified\":\"2025-02-18T10:06:57+00:00\",\"breadcrumb\":{\"@id\":\"https:\/\/oxymatic.lobostudio.pl\/en\/financing\/#breadcrumb\"},\"inLanguage\":\"pl-PL\",\"potentialAction\":[{\"@type\":\"ReadAction\",\"target\":[\"https:\/\/oxymatic.lobostudio.pl\/en\/financing\/\"]}]},{\"@type\":\"ImageObject\",\"inLanguage\":\"pl-PL\",\"@id\":\"https:\/\/oxymatic.lobostudio.pl\/en\/financing\/#primaryimage\",\"url\":\"https:\/\/oxymatic.lobostudio.pl\/wp-content\/uploads\/2024\/02\/finansowanie-1024x683.webp\",\"contentUrl\":\"https:\/\/oxymatic.lobostudio.pl\/wp-content\/uploads\/2024\/02\/finansowanie-1024x683.webp\"},{\"@type\":\"BreadcrumbList\",\"@id\":\"https:\/\/oxymatic.lobostudio.pl\/en\/financing\/#breadcrumb\",\"itemListElement\":[{\"@type\":\"ListItem\",\"position\":1,\"name\":\"Home\",\"item\":\"https:\/\/oxymatic.lobostudio.pl\/pl\/\"},{\"@type\":\"ListItem\",\"position\":2,\"name\":\"finansowanie\"}]},{\"@type\":\"WebSite\",\"@id\":\"https:\/\/www.oxymatic.lobostudio.pl\/en\/#website\",\"url\":\"https:\/\/www.oxymatic.lobostudio.pl\/en\/\",\"name\":\"Oxymatic - komory hiperbaryczne\",\"description\":\"komory hiperbaryczne mHBOT\",\"publisher\":{\"@id\":\"https:\/\/www.oxymatic.lobostudio.pl\/en\/#organization\"},\"potentialAction\":[{\"@type\":\"SearchAction\",\"target\":{\"@type\":\"EntryPoint\",\"urlTemplate\":\"https:\/\/www.oxymatic.lobostudio.pl\/en\/?s={search_term_string}\"},\"query-input\":\"required name=search_term_string\"}],\"inLanguage\":\"pl-PL\"},{\"@type\":\"Organization\",\"@id\":\"https:\/\/www.oxymatic.lobostudio.pl\/en\/#organization\",\"name\":\"Oxymatic\",\"url\":\"https:\/\/www.oxymatic.lobostudio.pl\/en\/\",\"logo\":{\"@type\":\"ImageObject\",\"inLanguage\":\"pl-PL\",\"@id\":\"https:\/\/www.oxymatic.lobostudio.pl\/en\/#\/schema\/logo\/image\/\",\"url\":\"https:\/\/oxymatic.lobostudio.pl\/wp-content\/uploads\/2023\/12\/Oxymatic-logo-green-1.svg\",\"contentUrl\":\"https:\/\/oxymatic.lobostudio.pl\/wp-content\/uploads\/2023\/12\/Oxymatic-logo-green-1.svg\",\"width\":195,\"height\":43,\"caption\":\"Oxymatic\"},\"image\":{\"@id\":\"https:\/\/www.oxymatic.lobostudio.pl\/en\/#\/schema\/logo\/image\/\"},\"sameAs\":[\"https:\/\/www.facebook.com\/p\/Oxymatic-61558663586440\/\"]}]}<\/script>\n<!-- \/ Yoast SEO plugin. -->","yoast_head_json":{"title":"finansowanie - Oxymatic","robots":{"index":"index","follow":"follow","max-snippet":"max-snippet:-1","max-image-preview":"max-image-preview:large","max-video-preview":"max-video-preview:-1"},"canonical":"https:\/\/oxymatic.lobostudio.pl\/en\/financing\/","og_locale":"pl_PL","og_type":"article","og_title":"finansowanie - Oxymatic","og_description":"FINANSOWANIE FINANSOWANIE Nasi doradcy ch\u0119tnie pomog\u0105 Ci w wyborze najkorzystniejszej opcji finansowania przy zakupie Twojej komory. W Oxymatic\u00ae oferujemy elastyczne opcje finansowania dla klient\u00f3w zainteresowanych inwestycj\u0105 w komor\u0119 hiperbaryczn\u0105, mi\u0119dzy innymi zakup na raty oraz leasing, kt\u00f3re s\u0105 dostosowane do indywidualnych potrzeb i preferencji klient\u00f3w. Zesp\u00f3\u0142 ekspert\u00f3w firmy s\u0142u\u017cy wsparciem w procesie uzyskiwania finansowania, wsp\u00f3\u0142pracuj\u0105c [&hellip;]","og_url":"https:\/\/oxymatic.lobostudio.pl\/en\/financing\/","og_site_name":"Oxymatic","article_publisher":"https:\/\/www.facebook.com\/p\/Oxymatic-61558663586440\/","article_modified_time":"2025-02-18T10:06:57+00:00","og_image":[{"url":"https:\/\/oxymatic.lobostudio.pl\/wp-content\/uploads\/2024\/02\/finansowanie-1024x683.webp"}],"twitter_card":"summary_large_image","twitter_misc":{"Szacowany czas czytania":"2 minuty"},"schema":{"@context":"https:\/\/schema.org","@graph":[{"@type":"WebPage","@id":"https:\/\/oxymatic.lobostudio.pl\/en\/financing\/","url":"https:\/\/oxymatic.lobostudio.pl\/en\/financing\/","name":"finansowanie - Oxymatic","isPartOf":{"@id":"https:\/\/www.oxymatic.lobostudio.pl\/en\/#website"},"primaryImageOfPage":{"@id":"https:\/\/oxymatic.lobostudio.pl\/en\/financing\/#primaryimage"},"image":{"@id":"https:\/\/oxymatic.lobostudio.pl\/en\/financing\/#primaryimage"},"thumbnailUrl":"https:\/\/oxymatic.lobostudio.pl\/wp-content\/uploads\/2024\/02\/finansowanie-1024x683.webp","datePublished":"2024-03-29T16:26:10+00:00","dateModified":"2025-02-18T10:06:57+00:00","breadcrumb":{"@id":"https:\/\/oxymatic.lobostudio.pl\/en\/financing\/#breadcrumb"},"inLanguage":"pl-PL","potentialAction":[{"@type":"ReadAction","target":["https:\/\/oxymatic.lobostudio.pl\/en\/financing\/"]}]},{"@type":"ImageObject","inLanguage":"pl-PL","@id":"https:\/\/oxymatic.lobostudio.pl\/en\/financing\/#primaryimage","url":"https:\/\/oxymatic.lobostudio.pl\/wp-content\/uploads\/2024\/02\/finansowanie-1024x683.webp","contentUrl":"https:\/\/oxymatic.lobostudio.pl\/wp-content\/uploads\/2024\/02\/finansowanie-1024x683.webp"},{"@type":"BreadcrumbList","@id":"https:\/\/oxymatic.lobostudio.pl\/en\/financing\/#breadcrumb","itemListElement":[{"@type":"ListItem","position":1,"name":"Home","item":"https:\/\/oxymatic.lobostudio.pl\/pl\/"},{"@type":"ListItem","position":2,"name":"finansowanie"}]},{"@type":"WebSite","@id":"https:\/\/www.oxymatic.lobostudio.pl\/en\/#website","url":"https:\/\/www.oxymatic.lobostudio.pl\/en\/","name":"Oxymatic - komory hiperbaryczne","description":"komory hiperbaryczne mHBOT","publisher":{"@id":"https:\/\/www.oxymatic.lobostudio.pl\/en\/#organization"},"potentialAction":[{"@type":"SearchAction","target":{"@type":"EntryPoint","urlTemplate":"https:\/\/www.oxymatic.lobostudio.pl\/en\/?s={search_term_string}"},"query-input":"required name=search_term_string"}],"inLanguage":"pl-PL"},{"@type":"Organization","@id":"https:\/\/www.oxymatic.lobostudio.pl\/en\/#organization","name":"Oxymatic","url":"https:\/\/www.oxymatic.lobostudio.pl\/en\/","logo":{"@type":"ImageObject","inLanguage":"pl-PL","@id":"https:\/\/www.oxymatic.lobostudio.pl\/en\/#\/schema\/logo\/image\/","url":"https:\/\/oxymatic.lobostudio.pl\/wp-content\/uploads\/2023\/12\/Oxymatic-logo-green-1.svg","contentUrl":"https:\/\/oxymatic.lobostudio.pl\/wp-content\/uploads\/2023\/12\/Oxymatic-logo-green-1.svg","width":195,"height":43,"caption":"Oxymatic"},"image":{"@id":"https:\/\/www.oxymatic.lobostudio.pl\/en\/#\/schema\/logo\/image\/"},"sameAs":["https:\/\/www.facebook.com\/p\/Oxymatic-61558663586440\/"]}]}},"_links":{"self":[{"href":"https:\/\/oxymatic.lobostudio.pl\/pl\/wp-json\/wp\/v2\/pages\/979","targetHints":{"allow":["GET"]}}],"collection":[{"href":"https:\/\/oxymatic.lobostudio.pl\/pl\/wp-json\/wp\/v2\/pages"}],"about":[{"href":"https:\/\/oxymatic.lobostudio.pl\/pl\/wp-json\/wp\/v2\/types\/page"}],"author":[{"embeddable":true,"href":"https:\/\/oxymatic.lobostudio.pl\/pl\/wp-json\/wp\/v2\/users\/1"}],"replies":[{"embeddable":true,"href":"https:\/\/oxymatic.lobostudio.pl\/pl\/wp-json\/wp\/v2\/comments?post=979"}],"version-history":[{"count":22,"href":"https:\/\/oxymatic.lobostudio.pl\/pl\/wp-json\/wp\/v2\/pages\/979\/revisions"}],"predecessor-version":[{"id":3414,"href":"https:\/\/oxymatic.lobostudio.pl\/pl\/wp-json\/wp\/v2\/pages\/979\/revisions\/3414"}],"wp:attachment":[{"href":"https:\/\/oxymatic.lobostudio.pl\/pl\/wp-json\/wp\/v2\/media?parent=979"}],"curies":[{"name":"wp","href":"https:\/\/api.w.org\/{rel}","templated":true}]}}